{"id":3723,"date":"2025-10-08T00:12:24","date_gmt":"2025-10-07T22:12:24","guid":{"rendered":"https:\/\/servihonda.es\/accidents\/"},"modified":"2025-12-17T01:36:18","modified_gmt":"2025-12-16T23:36:18","slug":"accidents","status":"publish","type":"page","link":"https:\/\/servihonda.es\/en\/accidents\/","title":{"rendered":"Accidents"},"content":{"rendered":"<section class=\"l-section wpb_row section-header height_medium with_img\"><div class=\"l-section-img\" role=\"img\" aria-label=\"honda motorcycle accidents in m\u00e1laga\" data-img-width=\"1920\" data-img-height=\"1280\" style=\"background-image: url(https:\/\/servihonda.es\/wp-content\/uploads\/2025\/10\/25.01.17_SERVIHONDA-MALAGA-23-scaled.jpg);background-repeat: no-repeat;\"><\/div><div class=\"l-section-overlay\" style=\"background:rgba(0,0,0,0.51)\"><\/div><div class=\"l-section-h i-cf\"><div class=\"g-cols vc_row via_flex valign_top type_default stacking_default\"><div class=\"vc_col-sm-12 wpb_column vc_column_container\"><div class=\"vc_column-inner\"><div class=\"wpb_wrapper\"><div class=\"w-vwrapper us_custom_de304e0b align_none valign_top\">[vc_custom_heading text=&#8221;<strong>Honda motorcycle accidents<\/strong> in M\u00e1laga: Management and repair with original parts&#8221; font_container=&#8221;tag:h1|text_align:left&#8221; use_theme_fonts=&#8221;yes&#8221; css=&#8221;%7B%22default%22%3A%7B%22color%22%3A%22%23fff%22%2C%22max-width%22%3A%221000px%22%7D%7D&#8221;]<div class=\"wpb_text_column us_custom_58ea2695 has_text_color\"><div class=\"wpb_wrapper\"><p>We understand that experiencing an accident is a stressful situation. At Servihonda M\u00e1laga, we position ourselves as your trusted ally to facilitate and expedite the entire repair process.<\/p>\n<\/div><\/div><\/div><\/div><\/div><\/div><\/div><\/div><\/section><section class=\"l-section wpb_row height_medium\"><div class=\"l-section-h i-cf\"><div class=\"g-cols vc_row via_flex valign_top type_default stacking_default\"><div class=\"vc_col-sm-6 wpb_column vc_column_container\"><div class=\"vc_column-inner\"><div class=\"wpb_wrapper\">[vc_custom_heading text=&#8221;<strong>Assessment and crane reception<\/strong> process&#8221; use_theme_fonts=&#8221;yes&#8221;]<div class=\"wpb_text_column\"><div class=\"wpb_wrapper\"><p>Our team specializes in managing motorcycle accidents in M\u00e1laga, coordinating the process with insurance companies.<\/p>\n<\/div><\/div><div class=\"g-cols wpb_row via_flex valign_top type_default stacking_default\"><div class=\"vc_col-sm-6 wpb_column vc_column_container\"><div class=\"vc_column-inner\"><div class=\"wpb_wrapper\">[vc_custom_heading text=&#8221;Direct reception without appointment&#8221; font_container=&#8221;tag:h3|text_align:left&#8221; use_theme_fonts=&#8221;yes&#8221; css=&#8221;%7B%22default%22%3A%7B%22font-size%22%3A%221rem%22%7D%7D&#8221;]<div class=\"wpb_text_column\"><div class=\"wpb_wrapper\"><p>Your roadside assistance company can bring your motorcycle directly to our workshops in M\u00e1laga, Fuengirola, or Marbella without the need for a prior appointment.<\/p>\n<\/div><\/div><\/div><\/div><\/div><div class=\"vc_col-sm-6 wpb_column vc_column_container\"><div class=\"vc_column-inner\"><div class=\"wpb_wrapper\">[vc_custom_heading text=&#8221;The damage report is essential&#8221; font_container=&#8221;tag:h3|text_align:left&#8221; use_theme_fonts=&#8221;yes&#8221; css=&#8221;%7B%22default%22%3A%7B%22font-size%22%3A%221rem%22%7D%7D&#8221;]<div class=\"wpb_text_column\"><div class=\"wpb_wrapper\"><p>It is mandatory for a responsible person (the owner or someone authorized) to come to our workshop to sign the damage report. Without this signature, the insurance company&#8217;s surveyor will not examine the vehicle, and the repair process cannot begin.<\/p>\n<\/div><\/div><\/div><\/div><\/div><\/div><\/div><\/div><\/div><div class=\"vc_col-sm-6 wpb_column vc_column_container\"><div class=\"vc_column-inner\"><div class=\"wpb_wrapper\"><div class=\"w-slider style_none fit_cover nav_none has_ratio count_2\" style=\"--aspect-ratio: 1\/1;\"><div class=\"w-slider-h\"><div class=\"royalSlider\"><div class=\"rsContent\"><a class=\"rsImg\" data-rsw=\"1920\" data-rsh=\"1280\" href=\"https:\/\/servihonda.es\/wp-content\/uploads\/2025\/10\/25.01.17_SERVIHONDA-MALAGA-23-scaled.jpg\"><span data-alt=\"honda motorcycle accidents in m\u00e1laga\"><\/span><\/a><\/div><div class=\"rsContent\"><a class=\"rsImg\" data-rsw=\"1920\" data-rsh=\"1280\" href=\"https:\/\/servihonda.es\/wp-content\/uploads\/2025\/10\/25.01.17_SERVIHONDA-MALAGA-22-1-1-scaled.jpg\"><span data-alt=\"siniestros motos honda en m\u00e1laga\"><\/span><\/a><\/div><\/div><img decoding=\"async\" src=\"https:\/\/servihonda.es\/wp-content\/uploads\/2025\/10\/25.01.17_SERVIHONDA-MALAGA-23-scaled.jpg\" width=\"1920\" height=\"1280\" alt=\"honda motorcycle accidents in m\u00e1laga\" loading=\"lazy\"><\/div><div class=\"w-slider-json\" onclick='return {&quot;autoScaleSlider&quot;:false,&quot;addActiveClass&quot;:true,&quot;loop&quot;:true,&quot;fadeInLoadedSlide&quot;:false,&quot;slidesSpacing&quot;:0,&quot;imageScalePadding&quot;:0,&quot;numImagesToPreload&quot;:2,&quot;arrowsNav&quot;:true,&quot;arrowsNavAutoHide&quot;:false,&quot;transitionType&quot;:&quot;move&quot;,&quot;transitionSpeed&quot;:250,&quot;block&quot;:{&quot;moveEffect&quot;:&quot;none&quot;,&quot;speed&quot;:300},&quot;thumbs&quot;:{&quot;fitInViewport&quot;:false,&quot;firstMargin&quot;:false,&quot;spacing&quot;:4},&quot;controlNavigation&quot;:&quot;none&quot;}'><\/div><\/div><\/div><\/div><\/div><\/div><\/div><\/section><section class=\"l-section wpb_row height_medium color_alternate with_img\"><div class=\"l-section-img\" role=\"img\" aria-label=\"Image\" data-img-width=\"1920\" data-img-height=\"871\" style=\"background-image: url(https:\/\/servihonda.es\/wp-content\/uploads\/2025\/09\/fondo-servihonda.jpg);\"><\/div><div class=\"l-section-h i-cf\"><div class=\"g-cols vc_row via_flex valign_top type_default stacking_default\"><div class=\"vc_col-sm-6 wpb_column vc_column_container\"><div class=\"vc_column-inner\"><div class=\"wpb_wrapper\">[vc_custom_heading text=&#8221;Coordination with your <strong>insurance company<\/strong>&#8221; use_theme_fonts=&#8221;yes&#8221;]<div class=\"wpb_text_column\"><div class=\"wpb_wrapper\"><p>We manage the repair of Honda motorcycle accidents in M\u00e1laga with the utmost professionalism.<\/p>\n<\/div><\/div><\/div><\/div><\/div><div class=\"vc_col-sm-6 wpb_column vc_column_container\"><div class=\"vc_column-inner\"><div class=\"wpb_wrapper\">[vc_custom_heading text=&#8221;Assessment process&#8221; font_container=&#8221;tag:h3|text_align:left&#8221; use_theme_fonts=&#8221;yes&#8221; css=&#8221;%7B%22default%22%3A%7B%22font-size%22%3A%221rem%22%7D%7D&#8221;]<div class=\"wpb_text_column\"><div class=\"wpb_wrapper\"><p>No appointment is necessary with our workshop for assessment. Simply inform your insurance company that you wish to leave the motorcycle at Servihonda, and they will coordinate the surveyor&#8217;s visit day. We always use official spare parts to return your vehicle to its original condition.<\/p>\n<\/div><\/div><\/div><\/div><\/div><\/div><\/div><\/section><section class=\"l-section wpb_row height_medium width_custom\" style=\"--site-content-width:1280px;\"><div class=\"l-section-h i-cf\"><div class=\"g-cols vc_row via_flex valign_top type_default stacking_default\"><div class=\"vc_col-sm-12 wpb_column vc_column_container\"><div class=\"vc_column-inner\"><div class=\"wpb_wrapper\">[vc_custom_heading text=&#8221;ACCIDENT <strong>REQUEST<\/strong>&#8221; font_container=&#8221;tag:h2|text_align:center&#8221; use_theme_fonts=&#8221;yes&#8221;]\n<div class=\"wpcf7 no-js\" id=\"wpcf7-f5057-o1\" lang=\"en-US\" dir=\"ltr\" data-wpcf7-id=\"5057\">\n<div class=\"screen-reader-response\"><p role=\"status\" aria-live=\"polite\" aria-atomic=\"true\"><\/p> <ul><\/ul><\/div>\n<form action=\"\/en\/wp-json\/wp\/v2\/pages\/3723#wpcf7-f5057-o1\" method=\"post\" class=\"wpcf7-form init wpcf7-acceptance-as-validation\" aria-label=\"Contact form\" novalidate=\"novalidate\" data-status=\"init\">\n<fieldset class=\"hidden-fields-container\"><input type=\"hidden\" name=\"_wpcf7\" value=\"5057\" \/><input type=\"hidden\" name=\"_wpcf7_version\" value=\"6.1.5\" \/><input type=\"hidden\" name=\"_wpcf7_locale\" value=\"en_US\" \/><input type=\"hidden\" name=\"_wpcf7_unit_tag\" value=\"wpcf7-f5057-o1\" \/><input type=\"hidden\" name=\"_wpcf7_container_post\" value=\"0\" \/><input type=\"hidden\" name=\"_wpcf7_posted_data_hash\" value=\"\" \/><input type=\"hidden\" name=\"_wpcf7_recaptcha_response\" value=\"\" \/>\n<\/fieldset>\n<div class=\"cf-container\">\n<div class=\"cf-col-6\"><label> Select a dealer <span class=\"wpcf7-form-control-wrap\" data-name=\"destinatario\"><select class=\"wpcf7-form-control wpcf7-select wpcf7-validates-as-required\" aria-required=\"true\" aria-invalid=\"false\" name=\"destinatario\"><option value=\"Servihonda M\u00e1laga\">Servihonda M\u00e1laga<\/option><option value=\"Servihonda Fuengirola\">Servihonda Fuengirola<\/option><option value=\"Servihonda Marbella\">Servihonda Marbella<\/option><\/select><\/span> <\/label><\/div>\n\n<div class=\"cf-col-6\"><label> Name*\n<span class=\"wpcf7-form-control-wrap\" data-name=\"your-name\"><input size=\"40\" maxlength=\"400\" class=\"wpcf7-form-control wpcf7-text wpcf7-validates-as-required\" aria-required=\"true\" aria-invalid=\"false\" value=\"\" type=\"text\" name=\"your-name\" \/><\/span> <\/label><\/div>\n\n<div class=\"cf-col-6\"><label> Email*\n    <span class=\"wpcf7-form-control-wrap\" data-name=\"your-email\"><input size=\"40\" maxlength=\"400\" class=\"wpcf7-form-control wpcf7-email wpcf7-validates-as-required wpcf7-text wpcf7-validates-as-email\" aria-required=\"true\" aria-invalid=\"false\" value=\"\" type=\"email\" name=\"your-email\" \/><\/span> <\/label><\/div>\n\n<div class=\"cf-col-6\"><label> Phone*\n<span class=\"wpcf7-form-control-wrap\" data-name=\"tel-931\"><input size=\"40\" maxlength=\"400\" class=\"wpcf7-form-control wpcf7-tel wpcf7-validates-as-required wpcf7-text wpcf7-validates-as-tel\" aria-required=\"true\" aria-invalid=\"false\" value=\"\" type=\"tel\" name=\"tel-931\" \/><\/span><\/label><\/div>\n\n<div class=\"cf-col-12\"><label> Subject\n    <span class=\"wpcf7-form-control-wrap\" data-name=\"your-subject\"><input size=\"40\" maxlength=\"400\" class=\"wpcf7-form-control wpcf7-text wpcf7-validates-as-required\" aria-required=\"true\" aria-invalid=\"false\" value=\"\" type=\"text\" name=\"your-subject\" \/><\/span> <\/label><\/div>\n\n<div class=\"cf-col-12\"><label>  Message (required)\n    <span class=\"wpcf7-form-control-wrap\" data-name=\"your-message\"><textarea cols=\"40\" rows=\"10\" maxlength=\"2000\" class=\"wpcf7-form-control wpcf7-textarea wpcf7-validates-as-required\" aria-required=\"true\" aria-invalid=\"false\" name=\"your-message\"><\/textarea><\/span> <\/label><\/div>\n\n<div class=\"cf-col-12 privacy-policy\"><label for=\"legal\"><span class=\"wpcf7-form-control-wrap\" data-name=\"legal\"><span class=\"wpcf7-form-control wpcf7-acceptance\"><span class=\"wpcf7-list-item\"><label><input type=\"checkbox\" name=\"legal\" value=\"1\" id=\"legal\" aria-invalid=\"false\" \/><span class=\"wpcf7-list-item-label\">I have read and accept the <a href=\"https:\/\/www.servihonda.es\/politica-de-privacidad\">Privacy Policy<\/a> and <a href=\"https:\/\/servihonda.es\/aviso-legal\/\">Legal Notice<\/a>.<\/span><\/label><\/span><\/span><\/span><\/label><\/div>\n\n<input class=\"wpcf7-form-control wpcf7-submit has-spinner\" type=\"submit\" value=\"Send to\" \/>\n<\/div><div class=\"wpcf7-response-output\" aria-hidden=\"true\"><\/div>\n<\/form>\n<\/div>\n<\/div><\/div><\/div><\/div><\/div><\/section>\n","protected":false},"excerpt":{"rendered":"[vc_custom_heading text=\"Honda motorcycle accidents in M\u00e1laga: Management and repair with original parts\" font_container=\"tag:h1|text_align:left\" use_theme_fonts=\"yes\" css=\"%7B%22default%22%3A%7B%22color%22%3A%22%23fff%22%2C%22max-width%22%3A%221000px%22%7D%7D\"]We understand that experiencing an accident is a stressful situation. At Servihonda M\u00e1laga, we position ourselves as your trusted ally to facilitate and expedite the entire repair process. [vc_custom_heading text=\"Assessment and crane reception process\" use_theme_fonts=\"yes\"]Our team specializes in managing motorcycle accidents...","protected":false},"author":1,"featured_media":0,"parent":0,"menu_order":0,"comment_status":"closed","ping_status":"closed","template":"","meta":{"_acf_changed":false,"footnotes":""},"class_list":["post-3723","page","type-page","status-publish","hentry"],"acf":[],"yoast_head":"<!-- This site is optimized with the Yoast SEO plugin v27.4 - https:\/\/yoast.com\/product\/yoast-seo-wordpress\/ -->\n<title>Motorcycle Accident Solutions in M\u00e1laga | Honda Motorcycle Accidents<\/title>\n<meta name=\"description\" content=\"If you are looking for motorcycle accident solutions in M\u00e1laga, discover our Honda motorcycle accident services in M\u00e1laga.\" \/>\n<meta name=\"robots\" content=\"index, follow, max-snippet:-1, max-image-preview:large, max-video-preview:-1\" \/>\n<link rel=\"canonical\" href=\"https:\/\/servihonda.es\/en\/accidents\/\" \/>\n<meta property=\"og:locale\" content=\"en_US\" \/>\n<meta property=\"og:type\" content=\"article\" \/>\n<meta property=\"og:title\" content=\"Motorcycle Accident Solutions in M\u00e1laga | Honda Motorcycle Accidents\" \/>\n<meta property=\"og:description\" content=\"If you are looking for motorcycle accident solutions in M\u00e1laga, discover our Honda motorcycle accident services in M\u00e1laga.\" \/>\n<meta property=\"og:url\" content=\"https:\/\/servihonda.es\/en\/accidents\/\" \/>\n<meta property=\"og:site_name\" content=\"Servihonda M\u00e1laga\" \/>\n<meta property=\"article:modified_time\" content=\"2025-12-16T23:36:18+00:00\" \/>\n<meta name=\"twitter:card\" content=\"summary_large_image\" \/>\n<meta name=\"twitter:label1\" content=\"Est. reading time\" \/>\n\t<meta name=\"twitter:data1\" content=\"2 minutes\" \/>\n<script type=\"application\/ld+json\" class=\"yoast-schema-graph\">{\"@context\":\"https:\\\/\\\/schema.org\",\"@graph\":[{\"@type\":\"WebPage\",\"@id\":\"https:\\\/\\\/servihonda.es\\\/en\\\/accidents\\\/\",\"url\":\"https:\\\/\\\/servihonda.es\\\/en\\\/accidents\\\/\",\"name\":\"Motorcycle Accident Solutions in M\u00e1laga | Honda Motorcycle Accidents\",\"isPartOf\":{\"@id\":\"https:\\\/\\\/servihonda.es\\\/en\\\/#website\"},\"datePublished\":\"2025-10-07T22:12:24+00:00\",\"dateModified\":\"2025-12-16T23:36:18+00:00\",\"description\":\"If you are looking for motorcycle accident solutions in M\u00e1laga, discover our Honda motorcycle accident services in M\u00e1laga.\",\"breadcrumb\":{\"@id\":\"https:\\\/\\\/servihonda.es\\\/en\\\/accidents\\\/#breadcrumb\"},\"inLanguage\":\"en-US\",\"potentialAction\":[{\"@type\":\"ReadAction\",\"target\":[\"https:\\\/\\\/servihonda.es\\\/en\\\/accidents\\\/\"]}]},{\"@type\":\"BreadcrumbList\",\"@id\":\"https:\\\/\\\/servihonda.es\\\/en\\\/accidents\\\/#breadcrumb\",\"itemListElement\":[{\"@type\":\"ListItem\",\"position\":1,\"name\":\"Home page\",\"item\":\"https:\\\/\\\/servihonda.es\\\/en\\\/\"},{\"@type\":\"ListItem\",\"position\":2,\"name\":\"Accidents\"}]},{\"@type\":\"WebSite\",\"@id\":\"https:\\\/\\\/servihonda.es\\\/en\\\/#website\",\"url\":\"https:\\\/\\\/servihonda.es\\\/en\\\/\",\"name\":\"Servihonda M\u00e1laga\",\"description\":\"\",\"publisher\":{\"@id\":\"https:\\\/\\\/servihonda.es\\\/en\\\/#organization\"},\"potentialAction\":[{\"@type\":\"SearchAction\",\"target\":{\"@type\":\"EntryPoint\",\"urlTemplate\":\"https:\\\/\\\/servihonda.es\\\/en\\\/?s={search_term_string}\"},\"query-input\":{\"@type\":\"PropertyValueSpecification\",\"valueRequired\":true,\"valueName\":\"search_term_string\"}}],\"inLanguage\":\"en-US\"},{\"@type\":\"Organization\",\"@id\":\"https:\\\/\\\/servihonda.es\\\/en\\\/#organization\",\"name\":\"Servihonda M\u00e1laga\",\"url\":\"https:\\\/\\\/servihonda.es\\\/en\\\/\",\"logo\":{\"@type\":\"ImageObject\",\"inLanguage\":\"en-US\",\"@id\":\"https:\\\/\\\/servihonda.es\\\/en\\\/#\\\/schema\\\/logo\\\/image\\\/\",\"url\":\"https:\\\/\\\/servihonda.es\\\/wp-content\\\/uploads\\\/2025\\\/09\\\/logo-servihonda.png\",\"contentUrl\":\"https:\\\/\\\/servihonda.es\\\/wp-content\\\/uploads\\\/2025\\\/09\\\/logo-servihonda.png\",\"width\":253,\"height\":72,\"caption\":\"Servihonda M\u00e1laga\"},\"image\":{\"@id\":\"https:\\\/\\\/servihonda.es\\\/en\\\/#\\\/schema\\\/logo\\\/image\\\/\"}}]}<\/script>\n<!-- \/ Yoast SEO plugin. -->","yoast_head_json":{"title":"Motorcycle Accident Solutions in M\u00e1laga | Honda Motorcycle Accidents","description":"If you are looking for motorcycle accident solutions in M\u00e1laga, discover our Honda motorcycle accident services in M\u00e1laga.","robots":{"index":"index","follow":"follow","max-snippet":"max-snippet:-1","max-image-preview":"max-image-preview:large","max-video-preview":"max-video-preview:-1"},"canonical":"https:\/\/servihonda.es\/en\/accidents\/","og_locale":"en_US","og_type":"article","og_title":"Motorcycle Accident Solutions in M\u00e1laga | Honda Motorcycle Accidents","og_description":"If you are looking for motorcycle accident solutions in M\u00e1laga, discover our Honda motorcycle accident services in M\u00e1laga.","og_url":"https:\/\/servihonda.es\/en\/accidents\/","og_site_name":"Servihonda M\u00e1laga","article_modified_time":"2025-12-16T23:36:18+00:00","twitter_card":"summary_large_image","twitter_misc":{"Est. reading time":"2 minutes"},"schema":{"@context":"https:\/\/schema.org","@graph":[{"@type":"WebPage","@id":"https:\/\/servihonda.es\/en\/accidents\/","url":"https:\/\/servihonda.es\/en\/accidents\/","name":"Motorcycle Accident Solutions in M\u00e1laga | Honda Motorcycle Accidents","isPartOf":{"@id":"https:\/\/servihonda.es\/en\/#website"},"datePublished":"2025-10-07T22:12:24+00:00","dateModified":"2025-12-16T23:36:18+00:00","description":"If you are looking for motorcycle accident solutions in M\u00e1laga, discover our Honda motorcycle accident services in M\u00e1laga.","breadcrumb":{"@id":"https:\/\/servihonda.es\/en\/accidents\/#breadcrumb"},"inLanguage":"en-US","potentialAction":[{"@type":"ReadAction","target":["https:\/\/servihonda.es\/en\/accidents\/"]}]},{"@type":"BreadcrumbList","@id":"https:\/\/servihonda.es\/en\/accidents\/#breadcrumb","itemListElement":[{"@type":"ListItem","position":1,"name":"Home page","item":"https:\/\/servihonda.es\/en\/"},{"@type":"ListItem","position":2,"name":"Accidents"}]},{"@type":"WebSite","@id":"https:\/\/servihonda.es\/en\/#website","url":"https:\/\/servihonda.es\/en\/","name":"Servihonda M\u00e1laga","description":"","publisher":{"@id":"https:\/\/servihonda.es\/en\/#organization"},"potentialAction":[{"@type":"SearchAction","target":{"@type":"EntryPoint","urlTemplate":"https:\/\/servihonda.es\/en\/?s={search_term_string}"},"query-input":{"@type":"PropertyValueSpecification","valueRequired":true,"valueName":"search_term_string"}}],"inLanguage":"en-US"},{"@type":"Organization","@id":"https:\/\/servihonda.es\/en\/#organization","name":"Servihonda M\u00e1laga","url":"https:\/\/servihonda.es\/en\/","logo":{"@type":"ImageObject","inLanguage":"en-US","@id":"https:\/\/servihonda.es\/en\/#\/schema\/logo\/image\/","url":"https:\/\/servihonda.es\/wp-content\/uploads\/2025\/09\/logo-servihonda.png","contentUrl":"https:\/\/servihonda.es\/wp-content\/uploads\/2025\/09\/logo-servihonda.png","width":253,"height":72,"caption":"Servihonda M\u00e1laga"},"image":{"@id":"https:\/\/servihonda.es\/en\/#\/schema\/logo\/image\/"}}]}},"_links":{"self":[{"href":"https:\/\/servihonda.es\/en\/wp-json\/wp\/v2\/pages\/3723","targetHints":{"allow":["GET"]}}],"collection":[{"href":"https:\/\/servihonda.es\/en\/wp-json\/wp\/v2\/pages"}],"about":[{"href":"https:\/\/servihonda.es\/en\/wp-json\/wp\/v2\/types\/page"}],"author":[{"embeddable":true,"href":"https:\/\/servihonda.es\/en\/wp-json\/wp\/v2\/users\/1"}],"replies":[{"embeddable":true,"href":"https:\/\/servihonda.es\/en\/wp-json\/wp\/v2\/comments?post=3723"}],"version-history":[{"count":3,"href":"https:\/\/servihonda.es\/en\/wp-json\/wp\/v2\/pages\/3723\/revisions"}],"predecessor-version":[{"id":3733,"href":"https:\/\/servihonda.es\/en\/wp-json\/wp\/v2\/pages\/3723\/revisions\/3733"}],"wp:attachment":[{"href":"https:\/\/servihonda.es\/en\/wp-json\/wp\/v2\/media?parent=3723"}],"curies":[{"name":"wp","href":"https:\/\/api.w.org\/{rel}","templated":true}]}}