{"id":3697,"date":"2025-10-02T14:50:58","date_gmt":"2025-10-02T12:50:58","guid":{"rendered":"https:\/\/servihonda.es\/honda-spare-parts\/"},"modified":"2025-12-17T01:39:24","modified_gmt":"2025-12-16T23:39:24","slug":"honda-spare-parts","status":"publish","type":"page","link":"https:\/\/servihonda.es\/en\/honda-spare-parts\/","title":{"rendered":"Honda Spare Parts"},"content":{"rendered":"<section class=\"l-section wpb_row height_medium\"><div class=\"l-section-h i-cf\"><div class=\"g-cols vc_row via_flex valign_middle type_default stacking_default\"><div class=\"vc_col-sm-12 wpb_column vc_column_container\"><div class=\"vc_column-inner\"><div class=\"wpb_wrapper\">[vc_custom_heading text=&#8221;<strong>SPARE PARTS SERVICE<\/strong> HONDA MOTORCYCLES IN M\u00c1LAGA&#8221; font_container=&#8221;tag:h1|text_align:left&#8221; use_theme_fonts=&#8221;yes&#8221; css=&#8221;%7B%22default%22%3A%7B%22max-width%22%3A%221020px%22%2C%22margin-bottom%22%3A%222rem%22%7D%7D&#8221;]<\/div><\/div><\/div><div class=\"vc_col-sm-12 wpb_column vc_column_container\"><div class=\"vc_column-inner\"><div class=\"wpb_wrapper\"><div class=\"g-cols wpb_row via_flex valign_top type_default stacking_default\"><div class=\"vc_col-sm-6 wpb_column vc_column_container\"><div class=\"vc_column-inner\"><div class=\"wpb_wrapper\"><div class=\"wpb_text_column\"><div class=\"wpb_wrapper\"><p>At Servihonda M\u00e1laga, Servihonda Fuengirola and Servihonda Marbella, we offer our clients the Official Honda Spare Parts Service, where you will find any original part you need for the maintenance or repair of your motorcycle.<\/p>\n<p>If you need one, you can request it by calling <a href=\"tel:952363300\" target=\"_blank\" rel=\"noopener\">952363300<\/a>.<\/p>\n<\/div><\/div>\n<div class=\"wpcf7 no-js\" id=\"wpcf7-f5055-o1\" lang=\"en-US\" dir=\"ltr\" data-wpcf7-id=\"5055\">\n<div class=\"screen-reader-response\"><p role=\"status\" aria-live=\"polite\" aria-atomic=\"true\"><\/p> <ul><\/ul><\/div>\n<form action=\"\/en\/wp-json\/wp\/v2\/pages\/3697#wpcf7-f5055-o1\" method=\"post\" class=\"wpcf7-form init wpcf7-acceptance-as-validation\" aria-label=\"Contact form\" novalidate=\"novalidate\" data-status=\"init\">\n<fieldset class=\"hidden-fields-container\"><input type=\"hidden\" name=\"_wpcf7\" value=\"5055\" \/><input type=\"hidden\" name=\"_wpcf7_version\" value=\"6.1.5\" \/><input type=\"hidden\" name=\"_wpcf7_locale\" value=\"en_US\" \/><input type=\"hidden\" name=\"_wpcf7_unit_tag\" value=\"wpcf7-f5055-o1\" \/><input type=\"hidden\" name=\"_wpcf7_container_post\" value=\"0\" \/><input type=\"hidden\" name=\"_wpcf7_posted_data_hash\" value=\"\" \/><input type=\"hidden\" name=\"_wpcf7_recaptcha_response\" value=\"\" \/>\n<\/fieldset>\n<div class=\"cf-container\">\n<div class=\"cf-col-6\"><label>  Select a dealer <span class=\"wpcf7-form-control-wrap\" data-name=\"recipient\"><select class=\"wpcf7-form-control wpcf7-select wpcf7-validates-as-required\" aria-required=\"true\" aria-invalid=\"false\" name=\"recipient\"><option value=\"Servihonda M\u00e1laga\">Servihonda M\u00e1laga<\/option><option value=\"Servihonda Fuengirola\">Servihonda Fuengirola<\/option><option value=\"Servihonda Marbella\">Servihonda Marbella<\/option><\/select><\/span> <\/label><\/div>\n\n<div class=\"cf-col-6\"><label> Name*\n<span class=\"wpcf7-form-control-wrap\" data-name=\"your-name\"><input size=\"40\" maxlength=\"400\" class=\"wpcf7-form-control wpcf7-text wpcf7-validates-as-required\" aria-required=\"true\" aria-invalid=\"false\" value=\"\" type=\"text\" name=\"your-name\" \/><\/span> <\/label><\/div>\n\n<div class=\"cf-col-6\"><label> Email*\n    <span class=\"wpcf7-form-control-wrap\" data-name=\"your-email\"><input size=\"40\" maxlength=\"400\" class=\"wpcf7-form-control wpcf7-email wpcf7-validates-as-required wpcf7-text wpcf7-validates-as-email\" aria-required=\"true\" aria-invalid=\"false\" value=\"\" type=\"email\" name=\"your-email\" \/><\/span> <\/label><\/div>\n\n<div class=\"cf-col-6\"><label> Phone*\n<span class=\"wpcf7-form-control-wrap\" data-name=\"tel-931\"><input size=\"40\" maxlength=\"400\" class=\"wpcf7-form-control wpcf7-tel wpcf7-validates-as-required wpcf7-text wpcf7-validates-as-tel\" aria-required=\"true\" aria-invalid=\"false\" value=\"\" type=\"tel\" name=\"tel-931\" \/><\/span><\/label><\/div>\n\n<div class=\"cf-col-12\"><label> Subject*\n    <span class=\"wpcf7-form-control-wrap\" data-name=\"your-subject\"><input size=\"40\" maxlength=\"400\" class=\"wpcf7-form-control wpcf7-text wpcf7-validates-as-required\" aria-required=\"true\" aria-invalid=\"false\" value=\"\" type=\"text\" name=\"your-subject\" \/><\/span> <\/label><\/div>\n\n<div class=\"cf-col-12\"><label>  Message (required)\n    <span class=\"wpcf7-form-control-wrap\" data-name=\"your-message\"><textarea cols=\"40\" rows=\"10\" maxlength=\"2000\" class=\"wpcf7-form-control wpcf7-textarea wpcf7-validates-as-required\" aria-required=\"true\" aria-invalid=\"false\" name=\"your-message\"><\/textarea><\/span> <\/label><\/div>\n\n<div class=\"cf-col-12 privacy-policy\"><label for=\"legal\"><span class=\"wpcf7-form-control-wrap\" data-name=\"legal\"><span class=\"wpcf7-form-control wpcf7-acceptance\"><span class=\"wpcf7-list-item\"><label><input type=\"checkbox\" name=\"legal\" value=\"1\" id=\"legal\" aria-invalid=\"false\" \/><span class=\"wpcf7-list-item-label\">I have read and accept the <a href=\"https:\/\/servihonda.es\/en\/privacy-policy\/\">Privacy Policy<\/a> and the <a href=\"https:\/\/servihonda.es\/en\/legal-notice\/\">Legal Notice<\/a>.<\/span><\/label><\/span><\/span><\/span><\/label><\/div>\n\n<input class=\"wpcf7-form-control wpcf7-submit has-spinner\" type=\"submit\" value=\"Send\" \/>\n<\/div><div class=\"wpcf7-response-output\" aria-hidden=\"true\"><\/div>\n<\/form>\n<\/div>\n<\/div><\/div><\/div><div class=\"vc_col-sm-6 wpb_column vc_column_container\"><div class=\"vc_column-inner\"><div class=\"wpb_wrapper\"><div class=\"w-image has_ratio align_none\"><div class=\"w-image-h\"><div style=\"padding-bottom:100%\"><\/div><img decoding=\"async\" width=\"554\" height=\"576\" src=\"https:\/\/servihonda.es\/wp-content\/uploads\/2025\/10\/recambio-servihonda-malaga-1024x576-1.jpg\" class=\"attachment-large size-large\" alt=\"recambio servihonda m\u00e1laga\" loading=\"lazy\" \/><\/div><\/div><\/div><\/div><\/div><\/div><\/div><\/div><\/div><\/div><\/div><\/section><section class=\"l-section wpb_row height_medium\"><div class=\"l-section-h i-cf\"><div class=\"g-cols vc_row via_flex valign_top type_default stacking_default\"><div class=\"vc_col-sm-12 wpb_column vc_column_container\"><div class=\"vc_column-inner\"><div class=\"wpb_wrapper\">[vc_custom_heading text=&#8221;PROMOTIONS <strong>SERVIHONDA WORKSHOP<\/strong>&#8221; font_container=&#8221;tag:h2|text_align:center&#8221; use_theme_fonts=&#8221;yes&#8221; css=&#8221;%7B%22default%22%3A%7B%22margin-bottom%22%3A%223rem%22%7D%7D&#8221;]<div class=\"w-grid us_post_list type_grid layout_215 cols_2 pagination_load_on_btn preload_style_spinner\" id=\"us_post_list_l887\" style=\"--columns:2;--gap:1.5rem;\"><style>@media (max-width:650px){#us_post_list_l887{--columns:1!important}}.layout_215 .w-grid-item-h{}.layout_215 .usg_vwrapper_1{width:377px!important;position:relative!important;overflow:hidden!important}.layout_215 .usg_post_image_1{height:200px!important;margin-bottom:0!important}.layout_215 .usg_post_date_1{font-size:0.8rem!important;border-radius:30px 0px 0px 0px!important;position:absolute!important;bottom:0!important;right:0!important;background:#D9D9D9!important;padding:0.5rem 1rem 0.5rem 1rem!important}.layout_215 .usg_vwrapper_2{max-width:400px!important}.layout_215 .usg_post_title_1{color:#000!important;font-size:1rem!important;font-family:var(--font-family)!important;font-weight:600!important;text-transform:none!important}.layout_215 .usg_text_1{color:var(--color-content-primary)!important;font-size:0.8rem!important;font-weight:600!important}.layout_215 .usg_post_content_1{font-size:0.8rem!important;font-weight:300!important}<\/style><div class=\"w-grid-list\">\t<article class=\"w-grid-item size_1x1 post-4324 post type-post status-publish format-standard has-post-thumbnail hentry category-promotions category-servihonda category-servihonda-fuengirola category-servihonda-malaga category-servihonda-marbella category-spare-parts-promotions category-workshop-promotions\" data-id=\"4324\">\r\n\t\t<div class=\"w-grid-item-h\">\r\n\t\t\t\t\t\t<div class=\"w-hwrapper usg_hwrapper_1 wrapper-promotion align_none valign_middle\"><div class=\"w-vwrapper usg_vwrapper_1 align_none valign_top\"><div class=\"w-post-elm post_image usg_post_image_1 has_height has_ratio\"><a href=\"https:\/\/servihonda.es\/en\/at-servihonda-you-will-find-honda-original-spare-parts-for-your-convenience-and-safety\/\" aria-label=\"At Servihonda, you will find Honda Original Spare Parts for your convenience and safety.\"><img loading=\"lazy\" decoding=\"async\" width=\"1417\" height=\"776\" src=\"https:\/\/servihonda.es\/wp-content\/uploads\/2025\/10\/recambio-original-honda-servihonda.jpg\" class=\"attachment-full size-full wp-post-image\" alt=\"Original Honda spare parts at Servihonda.\" \/><\/a><div style=\"padding-bottom:56.25%\"><\/div><\/div><time class=\"w-post-elm post_date usg_post_date_1 entry-date published\" datetime=\"2020-12-18T08:28:21+02:00\">12\/18\/2020<\/time><\/div><div class=\"w-vwrapper usg_vwrapper_2 wrapper-promotion-text align_none valign_top\"><h3 class=\"w-post-elm post_title usg_post_title_1 has_text_color entry-title color_link_inherit\"><a href=\"https:\/\/servihonda.es\/en\/at-servihonda-you-will-find-honda-original-spare-parts-for-your-convenience-and-safety\/\">At Servihonda, you will find Honda Original Spare Parts for your convenience and safety.<\/a><\/h3><div class=\"w-post-elm post_content usg_post_content_1\">At Servihonda, we are aware of the great importance your motorcycle has for you, whether for work, daily use, or&hellip;<\/div><div class=\"w-text usg_text_1 has_text_color\"><a href=\"https:\/\/servihonda.es\/en\/at-servihonda-you-will-find-honda-original-spare-parts-for-your-convenience-and-safety\/\" class=\"w-text-h\"><span class=\"w-text-value\">Leer mas +<\/span><\/a><\/div><\/div><\/div>\t\t<\/div>\r\n\t\t\t<\/article>\r\n\t<article class=\"w-grid-item size_1x1 post-4278 post type-post status-publish format-standard has-post-thumbnail hentry category-promotions category-servihonda category-servihonda-fuengirola category-servihonda-malaga category-servihonda-marbella category-spare-parts-promotions\" data-id=\"4278\">\r\n\t\t<div class=\"w-grid-item-h\">\r\n\t\t\t\t\t\t<div class=\"w-hwrapper usg_hwrapper_1 wrapper-promotion align_none valign_middle\"><div class=\"w-vwrapper usg_vwrapper_1 align_none valign_top\"><div class=\"w-post-elm post_image usg_post_image_1 has_height has_ratio\"><a href=\"https:\/\/servihonda.es\/en\/now-at-servihonda-for-every-75-euros-spent-on-spare-parts-well-give-you-a-fantastic-pack-consisting-of-a-buff-a-backpack-and-a-honda-bracelet\/\" aria-label=\"Now, at Servihonda, for every 75 euros spent on spare parts, we&#8217;ll give you a fantastic pack consisting of a Buff, a Backpack, and a Honda Bracelet.\"><img loading=\"lazy\" decoding=\"async\" width=\"1080\" height=\"1080\" src=\"https:\/\/servihonda.es\/wp-content\/uploads\/2020\/11\/Publicidad-Buff-Recambios-Servihonda.jpg\" class=\"attachment-full size-full wp-post-image\" alt=\"\" \/><\/a><div style=\"padding-bottom:56.25%\"><\/div><\/div><time class=\"w-post-elm post_date usg_post_date_1 entry-date published\" datetime=\"2020-11-05T12:00:48+02:00\">11\/05\/2020<\/time><\/div><div class=\"w-vwrapper usg_vwrapper_2 wrapper-promotion-text align_none valign_top\"><h3 class=\"w-post-elm post_title usg_post_title_1 has_text_color entry-title color_link_inherit\"><a href=\"https:\/\/servihonda.es\/en\/now-at-servihonda-for-every-75-euros-spent-on-spare-parts-well-give-you-a-fantastic-pack-consisting-of-a-buff-a-backpack-and-a-honda-bracelet\/\">Now, at Servihonda, for every 75 euros spent on spare parts, we&#8217;ll give you a fantastic pack consisting of a Buff, a Backpack, and a Honda Bracelet.<\/a><\/h3><div class=\"w-post-elm post_content usg_post_content_1\">&#13; At Servihonda M\u00e1laga, Servihonda Marbella, and Servihonda Fuengirola, for every 75 euros you spend, we&#8217;ll give you a fantastic&hellip;<\/div><div class=\"w-text usg_text_1 has_text_color\"><a href=\"https:\/\/servihonda.es\/en\/now-at-servihonda-for-every-75-euros-spent-on-spare-parts-well-give-you-a-fantastic-pack-consisting-of-a-buff-a-backpack-and-a-honda-bracelet\/\" class=\"w-text-h\"><span class=\"w-text-value\">Leer mas +<\/span><\/a><\/div><\/div><\/div>\t\t<\/div>\r\n\t\t\t<\/article>\r\n\t<article class=\"w-grid-item size_1x1 post-4038 post type-post status-publish format-standard has-post-thumbnail hentry category-promotions category-servihonda category-servihonda-fuengirola category-servihonda-malaga category-servihonda-marbella category-spare-parts-promotions\" data-id=\"4038\">\r\n\t\t<div class=\"w-grid-item-h\">\r\n\t\t\t\t\t\t<div class=\"w-hwrapper usg_hwrapper_1 wrapper-promotion align_none valign_middle\"><div class=\"w-vwrapper usg_vwrapper_1 align_none valign_top\"><div class=\"w-post-elm post_image usg_post_image_1 has_height has_ratio\"><a href=\"https:\/\/servihonda.es\/en\/throughout-october-enjoy-a-10-percent-discount-at-servihonda-on-oils-oil-filters-brake-pads-and-chain-kits\/\" aria-label=\"Throughout October, enjoy a 10 percent discount at Servihonda on: Oils, Oil Filters, Brake Pads, and Chain Kits\"><img loading=\"lazy\" decoding=\"async\" width=\"1417\" height=\"797\" src=\"https:\/\/servihonda.es\/wp-content\/uploads\/2025\/10\/servihonda-servicio-oficial-honda-postventa.jpg\" class=\"attachment-full size-full wp-post-image\" alt=\"After-Sales Service\" \/><\/a><div style=\"padding-bottom:56.25%\"><\/div><\/div><time class=\"w-post-elm post_date usg_post_date_1 entry-date published\" datetime=\"2020-10-01T09:06:58+02:00\">10\/01\/2020<\/time><\/div><div class=\"w-vwrapper usg_vwrapper_2 wrapper-promotion-text align_none valign_top\"><h3 class=\"w-post-elm post_title usg_post_title_1 has_text_color entry-title color_link_inherit\"><a href=\"https:\/\/servihonda.es\/en\/throughout-october-enjoy-a-10-percent-discount-at-servihonda-on-oils-oil-filters-brake-pads-and-chain-kits\/\">Throughout October, enjoy a 10 percent discount at Servihonda on: Oils, Oil Filters, Brake Pads, and Chain Kits<\/a><\/h3><div class=\"w-post-elm post_content usg_post_content_1\"><p>Servihonda presents its autumn campaign offering a discount to all its workshop and spare parts customers.<\/p>\n<\/div><div class=\"w-text usg_text_1 has_text_color\"><a href=\"https:\/\/servihonda.es\/en\/throughout-october-enjoy-a-10-percent-discount-at-servihonda-on-oils-oil-filters-brake-pads-and-chain-kits\/\" class=\"w-text-h\"><span class=\"w-text-value\">Leer mas +<\/span><\/a><\/div><\/div><\/div>\t\t<\/div>\r\n\t\t\t<\/article>\r\n<\/div><div class=\"g-loadmore hidden\"><div class=\"g-preloader type_1\"><div><\/div><\/div><button class=\"w-btn us-btn-style_1\"><span class=\"w-btn-label\">Load More<\/span><\/button><\/div><div class=\"w-grid-list-json hidden\" onclick='return {&quot;max_num_pages&quot;:1,&quot;paginationBase&quot;:&quot;page&quot;,&quot;pagination&quot;:&quot;load_on_btn&quot;,&quot;paged&quot;:1,&quot;ajaxData&quot;:{&quot;action&quot;:&quot;us_ajax_post_list&quot;,&quot;meta_type&quot;:&quot;post&quot;,&quot;object_id&quot;:0,&quot;template_vars&quot;:{&quot;shortcode_base&quot;:&quot;us_post_list&quot;,&quot;paged&quot;:1,&quot;max_num_pages&quot;:1,&quot;no_results&quot;:false,&quot;us_post_content_design_css&quot;:[],&quot;found_posts&quot;:3,&quot;items_count&quot;:3,&quot;source&quot;:&quot;child_posts_of_selected&quot;,&quot;custom_field_name&quot;:&quot;&quot;,&quot;ids&quot;:&quot;&quot;,&quot;post_type&quot;:&quot;post&quot;,&quot;attachment_ids&quot;:null,&quot;include_post_thumbnail&quot;:0,&quot;post_author&quot;:&quot;any&quot;,&quot;post_author_ids&quot;:&quot;&quot;,&quot;apply_url_params&quot;:0,&quot;exclude_children&quot;:0,&quot;exclude_current_post&quot;:1,&quot;exclude_prev_posts&quot;:0,&quot;enable_items_offset&quot;:0,&quot;items_offset&quot;:&quot;1&quot;,&quot;tax_query_relation&quot;:&quot;AND&quot;,&quot;tax_query&quot;:&quot;%5B%7B%22operator%22%3A%22IN%22%2C%22taxonomy%22%3A%22category%22%2C%22terms%22%3A%22356%22%2C%22include_children%22%3A%220%22%7D%5D&quot;,&quot;meta_query_relation&quot;:&quot;none&quot;,&quot;meta_query&quot;:[{&quot;key&quot;:&quot;custom_field_name&quot;,&quot;compare&quot;:&quot;=&quot;,&quot;value&quot;:&quot;&quot;}],&quot;orderby&quot;:&quot;date&quot;,&quot;orderby_custom_field&quot;:&quot;&quot;,&quot;orderby_custom_type&quot;:0,&quot;order_invert&quot;:&quot;1&quot;,&quot;show_all&quot;:0,&quot;quantity&quot;:&quot;10&quot;,&quot;posts_per_archive_page&quot;:0,&quot;no_items_action&quot;:&quot;message&quot;,&quot;no_items_message&quot;:&quot;No results found.&quot;,&quot;no_items_page_block&quot;:&quot;&quot;,&quot;pagination&quot;:&quot;load_on_btn&quot;,&quot;pagination_style&quot;:&quot;&quot;,&quot;pagination_btn_text&quot;:&quot;Load More&quot;,&quot;pagination_btn_size&quot;:&quot;&quot;,&quot;pagination_btn_style&quot;:&quot;1&quot;,&quot;pagination_btn_fullwidth&quot;:0,&quot;items_layout&quot;:&quot;215&quot;,&quot;type&quot;:&quot;grid&quot;,&quot;items_valign&quot;:0,&quot;ignore_items_size&quot;:0,&quot;columns&quot;:&quot;2&quot;,&quot;items_gap&quot;:&quot;1.5rem&quot;,&quot;load_animation&quot;:&quot;none&quot;,&quot;items_preload_style&quot;:&quot;spinner&quot;,&quot;img_size&quot;:&quot;default&quot;,&quot;title_size&quot;:&quot;&quot;,&quot;items_ratio&quot;:&quot;default&quot;,&quot;items_ratio_width&quot;:&quot;21&quot;,&quot;items_ratio_height&quot;:&quot;9&quot;,&quot;overriding_link&quot;:&quot;%7B%22url%22%3A%22%22%7D&quot;,&quot;popup_page_template&quot;:&quot;0&quot;,&quot;popup_width&quot;:&quot;&quot;,&quot;popup_arrows&quot;:1,&quot;breakpoint_1_width&quot;:&quot;1281px&quot;,&quot;breakpoint_1_cols&quot;:&quot;default&quot;,&quot;breakpoint_1_quantity&quot;:&quot;&quot;,&quot;breakpoint_1_gap&quot;:&quot;&quot;,&quot;breakpoint_2_width&quot;:&quot;992px&quot;,&quot;breakpoint_2_cols&quot;:&quot;2&quot;,&quot;breakpoint_2_quantity&quot;:&quot;&quot;,&quot;breakpoint_2_gap&quot;:&quot;&quot;,&quot;breakpoint_3_width&quot;:&quot;651px&quot;,&quot;breakpoint_3_cols&quot;:&quot;1&quot;,&quot;breakpoint_3_quantity&quot;:&quot;&quot;,&quot;breakpoint_3_gap&quot;:&quot;&quot;,&quot;conditions_operator&quot;:&quot;always&quot;,&quot;conditions&quot;:[],&quot;css&quot;:null,&quot;el_class&quot;:&quot;&quot;,&quot;el_id&quot;:&quot;&quot;,&quot;enable_custom_html_atts&quot;:0,&quot;custom_html_atts&quot;:null,&quot;hide_on_states&quot;:&quot;&quot;,&quot;hide_for_sticky&quot;:0,&quot;hide_for_not_sticky&quot;:0,&quot;hide_below&quot;:&quot;0px&quot;,&quot;hide_above&quot;:&quot;0px&quot;,&quot;classes&quot;:&quot;&quot;}},&quot;facetedFilter&quot;:[]}'><\/div><\/div><\/div><\/div><\/div><\/div><\/div><\/section>\n","protected":false},"excerpt":{"rendered":"Autumn is here, and with it, the change in weather, rain, and cold are getting closer. At Servihonda, we are aware that it is time to check and prepare our motorcycle so that nothing fails. That's why, at Servihonda M\u00e1laga, Servihonda Marbella, and Servihonda Fuengirola, we are launching a promotional campaign in which we offer...","protected":false},"author":1,"featured_media":0,"parent":0,"menu_order":0,"comment_status":"closed","ping_status":"closed","template":"","meta":{"_acf_changed":false,"footnotes":""},"class_list":["post-3697","page","type-page","status-publish","hentry"],"acf":[],"yoast_head":"<!-- This site is optimized with the Yoast SEO plugin v27.4 - https:\/\/yoast.com\/product\/yoast-seo-wordpress\/ -->\n<title>Honda Motorcycle Spare Parts M\u00e1laga | Servihonda M\u00e1laga<\/title>\n<meta name=\"description\" content=\"Discover our Honda motorcycle spare parts service in M\u00e1laga, where you will find any original part you need for your motorcycle.\" \/>\n<meta name=\"robots\" content=\"index, follow, max-snippet:-1, max-image-preview:large, max-video-preview:-1\" \/>\n<link rel=\"canonical\" href=\"https:\/\/servihonda.es\/en\/honda-spare-parts\/\" \/>\n<meta property=\"og:locale\" content=\"en_US\" \/>\n<meta property=\"og:type\" content=\"article\" \/>\n<meta property=\"og:title\" content=\"Honda Motorcycle Spare Parts M\u00e1laga | Servihonda M\u00e1laga\" \/>\n<meta property=\"og:description\" content=\"Discover our Honda motorcycle spare parts service in M\u00e1laga, where you will find any original part you need for your motorcycle.\" \/>\n<meta property=\"og:url\" content=\"https:\/\/servihonda.es\/en\/honda-spare-parts\/\" \/>\n<meta property=\"og:site_name\" content=\"Servihonda M\u00e1laga\" \/>\n<meta property=\"article:modified_time\" content=\"2025-12-16T23:39:24+00:00\" \/>\n<meta name=\"twitter:card\" content=\"summary_large_image\" \/>\n<meta name=\"twitter:label1\" content=\"Est. reading time\" \/>\n\t<meta name=\"twitter:data1\" content=\"1 minute\" \/>\n<script type=\"application\/ld+json\" class=\"yoast-schema-graph\">{\"@context\":\"https:\\\/\\\/schema.org\",\"@graph\":[{\"@type\":\"WebPage\",\"@id\":\"https:\\\/\\\/servihonda.es\\\/en\\\/honda-spare-parts\\\/\",\"url\":\"https:\\\/\\\/servihonda.es\\\/en\\\/honda-spare-parts\\\/\",\"name\":\"Honda Motorcycle Spare Parts M\u00e1laga | Servihonda M\u00e1laga\",\"isPartOf\":{\"@id\":\"https:\\\/\\\/servihonda.es\\\/en\\\/#website\"},\"datePublished\":\"2025-10-02T12:50:58+00:00\",\"dateModified\":\"2025-12-16T23:39:24+00:00\",\"description\":\"Discover our Honda motorcycle spare parts service in M\u00e1laga, where you will find any original part you need for your motorcycle.\",\"breadcrumb\":{\"@id\":\"https:\\\/\\\/servihonda.es\\\/en\\\/honda-spare-parts\\\/#breadcrumb\"},\"inLanguage\":\"en-US\",\"potentialAction\":[{\"@type\":\"ReadAction\",\"target\":[\"https:\\\/\\\/servihonda.es\\\/en\\\/honda-spare-parts\\\/\"]}]},{\"@type\":\"BreadcrumbList\",\"@id\":\"https:\\\/\\\/servihonda.es\\\/en\\\/honda-spare-parts\\\/#breadcrumb\",\"itemListElement\":[{\"@type\":\"ListItem\",\"position\":1,\"name\":\"Home page\",\"item\":\"https:\\\/\\\/servihonda.es\\\/en\\\/\"},{\"@type\":\"ListItem\",\"position\":2,\"name\":\"Honda Spare Parts\"}]},{\"@type\":\"WebSite\",\"@id\":\"https:\\\/\\\/servihonda.es\\\/en\\\/#website\",\"url\":\"https:\\\/\\\/servihonda.es\\\/en\\\/\",\"name\":\"Servihonda M\u00e1laga\",\"description\":\"\",\"publisher\":{\"@id\":\"https:\\\/\\\/servihonda.es\\\/en\\\/#organization\"},\"potentialAction\":[{\"@type\":\"SearchAction\",\"target\":{\"@type\":\"EntryPoint\",\"urlTemplate\":\"https:\\\/\\\/servihonda.es\\\/en\\\/?s={search_term_string}\"},\"query-input\":{\"@type\":\"PropertyValueSpecification\",\"valueRequired\":true,\"valueName\":\"search_term_string\"}}],\"inLanguage\":\"en-US\"},{\"@type\":\"Organization\",\"@id\":\"https:\\\/\\\/servihonda.es\\\/en\\\/#organization\",\"name\":\"Servihonda M\u00e1laga\",\"url\":\"https:\\\/\\\/servihonda.es\\\/en\\\/\",\"logo\":{\"@type\":\"ImageObject\",\"inLanguage\":\"en-US\",\"@id\":\"https:\\\/\\\/servihonda.es\\\/en\\\/#\\\/schema\\\/logo\\\/image\\\/\",\"url\":\"https:\\\/\\\/servihonda.es\\\/wp-content\\\/uploads\\\/2025\\\/09\\\/logo-servihonda.png\",\"contentUrl\":\"https:\\\/\\\/servihonda.es\\\/wp-content\\\/uploads\\\/2025\\\/09\\\/logo-servihonda.png\",\"width\":253,\"height\":72,\"caption\":\"Servihonda M\u00e1laga\"},\"image\":{\"@id\":\"https:\\\/\\\/servihonda.es\\\/en\\\/#\\\/schema\\\/logo\\\/image\\\/\"}}]}<\/script>\n<!-- \/ Yoast SEO plugin. -->","yoast_head_json":{"title":"Honda Motorcycle Spare Parts M\u00e1laga | Servihonda M\u00e1laga","description":"Discover our Honda motorcycle spare parts service in M\u00e1laga, where you will find any original part you need for your motorcycle.","robots":{"index":"index","follow":"follow","max-snippet":"max-snippet:-1","max-image-preview":"max-image-preview:large","max-video-preview":"max-video-preview:-1"},"canonical":"https:\/\/servihonda.es\/en\/honda-spare-parts\/","og_locale":"en_US","og_type":"article","og_title":"Honda Motorcycle Spare Parts M\u00e1laga | Servihonda M\u00e1laga","og_description":"Discover our Honda motorcycle spare parts service in M\u00e1laga, where you will find any original part you need for your motorcycle.","og_url":"https:\/\/servihonda.es\/en\/honda-spare-parts\/","og_site_name":"Servihonda M\u00e1laga","article_modified_time":"2025-12-16T23:39:24+00:00","twitter_card":"summary_large_image","twitter_misc":{"Est. reading time":"1 minute"},"schema":{"@context":"https:\/\/schema.org","@graph":[{"@type":"WebPage","@id":"https:\/\/servihonda.es\/en\/honda-spare-parts\/","url":"https:\/\/servihonda.es\/en\/honda-spare-parts\/","name":"Honda Motorcycle Spare Parts M\u00e1laga | Servihonda M\u00e1laga","isPartOf":{"@id":"https:\/\/servihonda.es\/en\/#website"},"datePublished":"2025-10-02T12:50:58+00:00","dateModified":"2025-12-16T23:39:24+00:00","description":"Discover our Honda motorcycle spare parts service in M\u00e1laga, where you will find any original part you need for your motorcycle.","breadcrumb":{"@id":"https:\/\/servihonda.es\/en\/honda-spare-parts\/#breadcrumb"},"inLanguage":"en-US","potentialAction":[{"@type":"ReadAction","target":["https:\/\/servihonda.es\/en\/honda-spare-parts\/"]}]},{"@type":"BreadcrumbList","@id":"https:\/\/servihonda.es\/en\/honda-spare-parts\/#breadcrumb","itemListElement":[{"@type":"ListItem","position":1,"name":"Home page","item":"https:\/\/servihonda.es\/en\/"},{"@type":"ListItem","position":2,"name":"Honda Spare Parts"}]},{"@type":"WebSite","@id":"https:\/\/servihonda.es\/en\/#website","url":"https:\/\/servihonda.es\/en\/","name":"Servihonda M\u00e1laga","description":"","publisher":{"@id":"https:\/\/servihonda.es\/en\/#organization"},"potentialAction":[{"@type":"SearchAction","target":{"@type":"EntryPoint","urlTemplate":"https:\/\/servihonda.es\/en\/?s={search_term_string}"},"query-input":{"@type":"PropertyValueSpecification","valueRequired":true,"valueName":"search_term_string"}}],"inLanguage":"en-US"},{"@type":"Organization","@id":"https:\/\/servihonda.es\/en\/#organization","name":"Servihonda M\u00e1laga","url":"https:\/\/servihonda.es\/en\/","logo":{"@type":"ImageObject","inLanguage":"en-US","@id":"https:\/\/servihonda.es\/en\/#\/schema\/logo\/image\/","url":"https:\/\/servihonda.es\/wp-content\/uploads\/2025\/09\/logo-servihonda.png","contentUrl":"https:\/\/servihonda.es\/wp-content\/uploads\/2025\/09\/logo-servihonda.png","width":253,"height":72,"caption":"Servihonda M\u00e1laga"},"image":{"@id":"https:\/\/servihonda.es\/en\/#\/schema\/logo\/image\/"}}]}},"_links":{"self":[{"href":"https:\/\/servihonda.es\/en\/wp-json\/wp\/v2\/pages\/3697","targetHints":{"allow":["GET"]}}],"collection":[{"href":"https:\/\/servihonda.es\/en\/wp-json\/wp\/v2\/pages"}],"about":[{"href":"https:\/\/servihonda.es\/en\/wp-json\/wp\/v2\/types\/page"}],"author":[{"embeddable":true,"href":"https:\/\/servihonda.es\/en\/wp-json\/wp\/v2\/users\/1"}],"replies":[{"embeddable":true,"href":"https:\/\/servihonda.es\/en\/wp-json\/wp\/v2\/comments?post=3697"}],"version-history":[{"count":2,"href":"https:\/\/servihonda.es\/en\/wp-json\/wp\/v2\/pages\/3697\/revisions"}],"predecessor-version":[{"id":3701,"href":"https:\/\/servihonda.es\/en\/wp-json\/wp\/v2\/pages\/3697\/revisions\/3701"}],"wp:attachment":[{"href":"https:\/\/servihonda.es\/en\/wp-json\/wp\/v2\/media?parent=3697"}],"curies":[{"name":"wp","href":"https:\/\/api.w.org\/{rel}","templated":true}]}}