{"id":3645,"date":"2025-10-02T16:49:40","date_gmt":"2025-10-02T14:49:40","guid":{"rendered":"https:\/\/servihonda.es\/demo-bike\/"},"modified":"2025-12-17T01:38:19","modified_gmt":"2025-12-16T23:38:19","slug":"demo-bike","status":"publish","type":"page","link":"https:\/\/servihonda.es\/en\/demo-bike\/","title":{"rendered":"Demo bike"},"content":{"rendered":"<section class=\"l-section wpb_row height_medium with_img\"><div class=\"l-section-img\" role=\"img\" aria-label=\"Image\" data-img-width=\"1417\" data-img-height=\"797\" style=\"background-image: url(https:\/\/servihonda.es\/wp-content\/uploads\/2025\/10\/servihonda-demo-bike.jpg);\"><\/div><div class=\"l-section-overlay\" style=\"background:rgba(0,0,0,0.51)\"><\/div><div class=\"l-section-h i-cf\"><div class=\"g-cols vc_row via_flex valign_top type_default stacking_default\"><div class=\"vc_col-sm-12 wpb_column vc_column_container\"><div class=\"vc_column-inner\"><div class=\"wpb_wrapper\"><div class=\"w-vwrapper us_custom_de304e0b align_none valign_top\">[vc_custom_heading text=&#8221;TEST RIDE MOTORCYCLES &#8211; <strong>DEMO BIKE<\/strong>&#8221; font_container=&#8221;tag:h1|text_align:left&#8221; use_theme_fonts=&#8221;yes&#8221; css=&#8221;%7B%22default%22%3A%7B%22color%22%3A%22%23fff%22%2C%22max-width%22%3A%221000px%22%7D%7D&#8221;]<div class=\"wpb_text_column us_custom_eb8f9415 has_text_color\"><div class=\"wpb_wrapper\"><p>Servihonda: Official Honda Motorcycle Dealership in M\u00e1laga, Marbella and Fuengirola.<\/p>\n<\/div><\/div><div class=\"w-btn-wrapper align_none\"><a class=\"w-btn us-btn-style_2\" href=\"#probar-moto\"><span class=\"w-btn-label\">Test ride motorcycle<\/span><\/a><\/div><\/div><\/div><\/div><\/div><\/div><\/div><\/section><section class=\"l-section wpb_row height_medium\"><div class=\"l-section-h i-cf\"><div class=\"g-cols vc_row via_flex valign_top type_default stacking_default\"><div class=\"vc_col-sm-6 wpb_column vc_column_container\"><div class=\"vc_column-inner\"><div class=\"wpb_wrapper\">[vc_custom_heading text=&#8221;TEST RIDE <strong>A HONDA MOTORCYCLE<strong> IN M\u00c1LAGA&#8221; use_theme_fonts=&#8221;yes&#8221;]<div class=\"wpb_text_column\"><div class=\"wpb_wrapper\"><p>At <a href=\"https:\/\/servihonda.es\/\" target=\"_blank\" rel=\"noopener\">Servihonda<\/a>, we want all our customers to be completely convinced and confident when purchasing one of our motorcycles. To achieve this, we have launched the Demo-Bike program, offering our customers a selection of Test Ride Motorcycles or Demo Bikes of the most well-known Honda models.<\/strong><\/strong><\/p>\n<p>If you want to test ride a motorcycle from our range, you can request it by phone, calling <a href=\"tel:952363300\" target=\"_blank\" rel=\"noopener\">952363300<\/a>, or by filling out the following form and we will contact you to confirm availability, date, and time.<\/p>\n<p>Do not forget to indicate if you want to try it at Servihonda M\u00e1laga, Servihonda Fuengirola, or Servihonda Marbella.<br \/>\nTo access the Demo Bike program, you must have the appropriate license for the motorcycle you want to test ride, wear long pants (never shorts), and closed shoes.<\/p>\n<\/div><\/div><\/div><\/div><\/div><div class=\"vc_col-sm-6 wpb_column vc_column_container\"><div class=\"vc_column-inner\"><div class=\"wpb_wrapper\"><div class=\"w-image align_none\"><div class=\"w-image-h\"><img decoding=\"async\" width=\"1024\" height=\"700\" src=\"https:\/\/servihonda.es\/wp-content\/uploads\/2025\/10\/honda-vision-servihonda-demo-bike-1024x700.jpg\" class=\"attachment-large size-large\" alt=\"\" loading=\"lazy\" srcset=\"https:\/\/servihonda.es\/wp-content\/uploads\/2025\/10\/honda-vision-servihonda-demo-bike-1024x700.jpg 1024w, https:\/\/servihonda.es\/wp-content\/uploads\/2025\/10\/honda-vision-servihonda-demo-bike-300x205.jpg 300w, https:\/\/servihonda.es\/wp-content\/uploads\/2025\/10\/honda-vision-servihonda-demo-bike.jpg 1417w\" sizes=\"auto, (max-width: 1024px) 100vw, 1024px\" \/><\/div><\/div><\/div><\/div><\/div><div class=\"vc_col-sm-12 wpb_column vc_column_container\"><div class=\"vc_column-inner\"><div class=\"wpb_wrapper\"><div class=\"g-cols wpb_row us_custom_f80bb014 via_flex valign_top type_default stacking_default\" style=\"--additional-gap:0.5rem;\"><div class=\"vc_col-sm-3 wpb_column vc_column_container has_bg_color\"><div class=\"vc_column-inner us_custom_910aaea9\"><div class=\"wpb_wrapper\"><div class=\"w-iconbox iconpos_top style_circle color_primary align_center\"><div class=\"w-iconbox-icon\" style=\"font-size:1.5rem;\"><span class=\"fas fa-hands-helping\"><\/span><\/div><div class=\"w-iconbox-meta\"><h3 class=\"w-iconbox-title\" style=\"font-size:1.2rem;\">We advise you on your purchase<\/h3><div class=\"w-iconbox-text\"><p>We help you choose the ideal motorcycle for you<\/p>\n<\/div><\/div><\/div><\/div><\/div><\/div><div class=\"vc_col-sm-3 wpb_column vc_column_container has_bg_color\"><div class=\"vc_column-inner us_custom_910aaea9\"><div class=\"wpb_wrapper\"><div class=\"w-iconbox iconpos_top style_circle color_primary align_center\"><div class=\"w-iconbox-icon\" style=\"font-size:1.5rem;\"><span class=\"fas fa-file-edit\"><\/span><\/div><div class=\"w-iconbox-meta\"><h3 class=\"w-iconbox-title\" style=\"font-size:1.2rem;\">We carry out all the procedures<\/h3><div class=\"w-iconbox-text\"><p>Find out about all the available packs and accessories<\/p>\n<\/div><\/div><\/div><\/div><\/div><\/div><div class=\"vc_col-sm-3 wpb_column vc_column_container has_bg_color\"><div class=\"vc_column-inner us_custom_910aaea9\"><div class=\"wpb_wrapper\"><div class=\"w-iconbox iconpos_top style_circle color_primary align_center\"><div class=\"w-iconbox-icon\" style=\"font-size:1.5rem;\"><span class=\"fas fa-motorcycle\"><\/span><\/div><div class=\"w-iconbox-meta\"><h3 class=\"w-iconbox-title\" style=\"font-size:1.2rem;\">Do you want to equip it?<\/h3><div class=\"w-iconbox-text\"><p>Find out about all the available packs and accessories<\/p>\n<\/div><\/div><\/div><\/div><\/div><\/div><div class=\"vc_col-sm-3 wpb_column vc_column_container has_bg_color\"><div class=\"vc_column-inner us_custom_910aaea9\"><div class=\"wpb_wrapper\"><div class=\"w-iconbox iconpos_top style_circle color_primary align_center\"><div class=\"w-iconbox-icon\" style=\"font-size:1.5rem;\"><span class=\"fas fa-hands-helping\"><\/span><\/div><div class=\"w-iconbox-meta\"><h3 class=\"w-iconbox-title\" style=\"font-size:1.2rem;\">Financing? Ask us<\/h3><div class=\"w-iconbox-text\"><p>We will inform you about all the financing methods available for your Honda<\/p>\n<\/div><\/div><\/div><\/div><\/div><\/div><\/div><\/div><\/div><\/div><\/div><\/div><\/section><section class=\"l-section wpb_row height_medium width_custom\" style=\"--site-content-width:1280px;\"><div class=\"l-section-h i-cf\"><div class=\"g-cols vc_row via_flex valign_top type_default stacking_default\"><div class=\"vc_col-sm-12 wpb_column vc_column_container\"><div class=\"vc_column-inner\"><div class=\"wpb_wrapper\">[vc_custom_heading text=&#8221;<strong>DEMO-BIKE<\/strong> APPLICATION FORM&#8221; font_container=&#8221;tag:h2|text_align:center&#8221; use_theme_fonts=&#8221;yes&#8221;]\n<div class=\"wpcf7 no-js\" id=\"wpcf7-f5047-o1\" lang=\"en-US\" dir=\"ltr\" data-wpcf7-id=\"5047\">\n<div class=\"screen-reader-response\"><p role=\"status\" aria-live=\"polite\" aria-atomic=\"true\"><\/p> <ul><\/ul><\/div>\n<form action=\"\/en\/wp-json\/wp\/v2\/pages\/3645#wpcf7-f5047-o1\" method=\"post\" class=\"wpcf7-form init wpcf7-acceptance-as-validation\" aria-label=\"Contact form\" novalidate=\"novalidate\" data-status=\"init\">\n<fieldset class=\"hidden-fields-container\"><input type=\"hidden\" name=\"_wpcf7\" value=\"5047\" \/><input type=\"hidden\" name=\"_wpcf7_version\" value=\"6.1.5\" \/><input type=\"hidden\" name=\"_wpcf7_locale\" value=\"en_US\" \/><input type=\"hidden\" name=\"_wpcf7_unit_tag\" value=\"wpcf7-f5047-o1\" \/><input type=\"hidden\" name=\"_wpcf7_container_post\" value=\"0\" \/><input type=\"hidden\" name=\"_wpcf7_posted_data_hash\" value=\"\" \/><input type=\"hidden\" name=\"_wpcf7_recaptcha_response\" value=\"\" \/>\n<\/fieldset>\n<div class=\"cf-container\">\n\t<div class=\"cf-col-6\"><label for=\"nombre\"><span class=\"label\">Your name *<\/span><span class=\"wpcf7-form-control-wrap\" data-name=\"nombre\"><input size=\"40\" maxlength=\"400\" class=\"wpcf7-form-control wpcf7-text wpcf7-validates-as-required\" id=\"nombre\" autocomplete=\"nombre\" aria-required=\"true\" aria-invalid=\"false\" placeholder=\"First and last name\" value=\"\" type=\"text\" name=\"nombre\" \/><\/span> <\/label><\/div>\n\t<div class=\"cf-col-6\"><label for=\"email\"> <span class=\"label\"> Your email *<\/span><span class=\"wpcf7-form-control-wrap\" data-name=\"email\"><input size=\"40\" maxlength=\"400\" class=\"wpcf7-form-control wpcf7-email wpcf7-validates-as-required wpcf7-text wpcf7-validates-as-email\" id=\"email\" autocomplete=\"email\" aria-required=\"true\" aria-invalid=\"false\" placeholder=\"Email\" value=\"\" type=\"email\" name=\"email\" \/><\/span> <\/label><\/div>\n\t<div class=\"cf-col-6\"><label for=\"telefono\"> <span class=\"label\"> Your phone *<\/span><span class=\"wpcf7-form-control-wrap\" data-name=\"telefono\"><input size=\"40\" maxlength=\"400\" class=\"wpcf7-form-control wpcf7-tel wpcf7-validates-as-required wpcf7-text wpcf7-validates-as-tel\" id=\"telefono\" autocomplete=\"tel\" aria-required=\"true\" aria-invalid=\"false\" placeholder=\"Phone\" value=\"\" type=\"tel\" name=\"telefono\" \/><\/span> <\/label><\/div>\n\t<div class=\"cf-col-6\"><span class=\"wpcf7-form-control-wrap\" data-name=\"select-concesionario\"><select class=\"wpcf7-form-control wpcf7-select\" aria-invalid=\"false\" name=\"select-concesionario\"><option value=\"\">Select your dealership<\/option><option value=\"Servihonda Malaga\">Servihonda Malaga<\/option><option value=\"Servihonda Fuengirola\">Servihonda Fuengirola<\/option><option value=\"Servihonda Marbella\">Servihonda Marbella<\/option><\/select><\/span><\/div>\n        <div class=\"cf-col-12\"><label for=\"moto\"><span class=\"label\">Moto*<\/span><span class=\"wpcf7-form-control-wrap\" data-name=\"moto\"><input size=\"40\" maxlength=\"400\" class=\"wpcf7-form-control wpcf7-text wpcf7-validates-as-required\" id=\"moto\" aria-required=\"true\" aria-invalid=\"false\" placeholder=\"Which bike do you want to try?\" value=\"\" type=\"text\" name=\"moto\" \/><\/span> <\/label><\/div>\n\t<div class=\"cf-col-12\"><label for=\"mensaje\"> <span class=\"label\"> Your message<\/span><span class=\"wpcf7-form-control-wrap\" data-name=\"mensaje\"><textarea cols=\"40\" rows=\"10\" maxlength=\"2000\" class=\"wpcf7-form-control wpcf7-textarea\" id=\"mensaje\" aria-invalid=\"false\" placeholder=\"Message\" name=\"mensaje\"><\/textarea><\/span> <\/label><\/div>\n\t<div class=\"cf-col-12 privacy-policy\"><label for=\"legal\"><span class=\"wpcf7-form-control-wrap\" data-name=\"legal\"><span class=\"wpcf7-form-control wpcf7-acceptance\"><span class=\"wpcf7-list-item\"><label><input type=\"checkbox\" name=\"legal\" value=\"1\" id=\"legal\" aria-invalid=\"false\" \/><span class=\"wpcf7-list-item-label\">I have read and accept the <a href=\"https:\/\/servihonda.es\/en\/privacy-policy\/\">Privacy Policy<\/a> and the <a href=\"https:\/\/servihonda.es\/en\/legal-notice\/\">Legal Notice<\/a>.<\/span><\/label><\/span><\/span><\/span><\/label><\/div>\n\t<input class=\"wpcf7-form-control wpcf7-submit has-spinner\" id=\"form-contact\" type=\"submit\" value=\"Send\" \/>\n<\/div><div class=\"wpcf7-response-output\" aria-hidden=\"true\"><\/div>\n<\/form>\n<\/div>\n<\/div><\/div><\/div><\/div><\/div><\/section>\n","protected":false},"excerpt":{"rendered":"[vc_custom_heading text=\"TEST RIDE MOTORCYCLES - DEMO BIKE\" font_container=\"tag:h1|text_align:left\" use_theme_fonts=\"yes\" css=\"%7B%22default%22%3A%7B%22color%22%3A%22%23fff%22%2C%22max-width%22%3A%221000px%22%7D%7D\"]Servihonda: Official Honda Motorcycle Dealership in M\u00e1laga, Marbella and Fuengirola. Test ride motorcycle[vc_custom_heading text=\"TEST RIDE A HONDA MOTORCYCLE IN M\u00c1LAGA\" use_theme_fonts=\"yes\"]At Servihonda, we want all our customers to be completely convinced and confident when purchasing one of our motorcycles. To achieve this, we have launched the...","protected":false},"author":1,"featured_media":0,"parent":0,"menu_order":0,"comment_status":"closed","ping_status":"closed","template":"","meta":{"_acf_changed":false,"footnotes":""},"class_list":["post-3645","page","type-page","status-publish","hentry"],"acf":[],"yoast_head":"<!-- This site is optimized with the Yoast SEO plugin v27.4 - https:\/\/yoast.com\/product\/yoast-seo-wordpress\/ -->\n<title>Test Ride a Honda Motorcycle in M\u00e1laga | Servihonda M\u00e1laga<\/title>\n<meta name=\"description\" content=\"With the Demo Bike service that we offer at Servihonda, you can test ride a Honda motorcycle in M\u00e1laga so that all our customers are completely convinced.\" \/>\n<meta name=\"robots\" content=\"index, follow, max-snippet:-1, max-image-preview:large, max-video-preview:-1\" \/>\n<link rel=\"canonical\" href=\"https:\/\/servihonda.es\/en\/demo-bike\/\" \/>\n<meta property=\"og:locale\" content=\"en_US\" \/>\n<meta property=\"og:type\" content=\"article\" \/>\n<meta property=\"og:title\" content=\"Test Ride a Honda Motorcycle in M\u00e1laga | Servihonda M\u00e1laga\" \/>\n<meta property=\"og:description\" content=\"With the Demo Bike service that we offer at Servihonda, you can test ride a Honda motorcycle in M\u00e1laga so that all our customers are completely convinced.\" \/>\n<meta property=\"og:url\" content=\"https:\/\/servihonda.es\/en\/demo-bike\/\" \/>\n<meta property=\"og:site_name\" content=\"Servihonda M\u00e1laga\" \/>\n<meta property=\"article:modified_time\" content=\"2025-12-16T23:38:19+00:00\" \/>\n<meta name=\"twitter:card\" content=\"summary_large_image\" \/>\n<meta name=\"twitter:label1\" content=\"Est. reading time\" \/>\n\t<meta name=\"twitter:data1\" content=\"2 minutes\" \/>\n<script type=\"application\/ld+json\" class=\"yoast-schema-graph\">{\"@context\":\"https:\\\/\\\/schema.org\",\"@graph\":[{\"@type\":\"WebPage\",\"@id\":\"https:\\\/\\\/servihonda.es\\\/en\\\/demo-bike\\\/\",\"url\":\"https:\\\/\\\/servihonda.es\\\/en\\\/demo-bike\\\/\",\"name\":\"Test Ride a Honda Motorcycle in M\u00e1laga | Servihonda M\u00e1laga\",\"isPartOf\":{\"@id\":\"https:\\\/\\\/servihonda.es\\\/en\\\/#website\"},\"datePublished\":\"2025-10-02T14:49:40+00:00\",\"dateModified\":\"2025-12-16T23:38:19+00:00\",\"description\":\"With the Demo Bike service that we offer at Servihonda, you can test ride a Honda motorcycle in M\u00e1laga so that all our customers are completely convinced.\",\"breadcrumb\":{\"@id\":\"https:\\\/\\\/servihonda.es\\\/en\\\/demo-bike\\\/#breadcrumb\"},\"inLanguage\":\"en-US\",\"potentialAction\":[{\"@type\":\"ReadAction\",\"target\":[\"https:\\\/\\\/servihonda.es\\\/en\\\/demo-bike\\\/\"]}]},{\"@type\":\"BreadcrumbList\",\"@id\":\"https:\\\/\\\/servihonda.es\\\/en\\\/demo-bike\\\/#breadcrumb\",\"itemListElement\":[{\"@type\":\"ListItem\",\"position\":1,\"name\":\"Home page\",\"item\":\"https:\\\/\\\/servihonda.es\\\/en\\\/\"},{\"@type\":\"ListItem\",\"position\":2,\"name\":\"Demo bike\"}]},{\"@type\":\"WebSite\",\"@id\":\"https:\\\/\\\/servihonda.es\\\/en\\\/#website\",\"url\":\"https:\\\/\\\/servihonda.es\\\/en\\\/\",\"name\":\"Servihonda M\u00e1laga\",\"description\":\"\",\"publisher\":{\"@id\":\"https:\\\/\\\/servihonda.es\\\/en\\\/#organization\"},\"potentialAction\":[{\"@type\":\"SearchAction\",\"target\":{\"@type\":\"EntryPoint\",\"urlTemplate\":\"https:\\\/\\\/servihonda.es\\\/en\\\/?s={search_term_string}\"},\"query-input\":{\"@type\":\"PropertyValueSpecification\",\"valueRequired\":true,\"valueName\":\"search_term_string\"}}],\"inLanguage\":\"en-US\"},{\"@type\":\"Organization\",\"@id\":\"https:\\\/\\\/servihonda.es\\\/en\\\/#organization\",\"name\":\"Servihonda M\u00e1laga\",\"url\":\"https:\\\/\\\/servihonda.es\\\/en\\\/\",\"logo\":{\"@type\":\"ImageObject\",\"inLanguage\":\"en-US\",\"@id\":\"https:\\\/\\\/servihonda.es\\\/en\\\/#\\\/schema\\\/logo\\\/image\\\/\",\"url\":\"https:\\\/\\\/servihonda.es\\\/wp-content\\\/uploads\\\/2025\\\/09\\\/logo-servihonda.png\",\"contentUrl\":\"https:\\\/\\\/servihonda.es\\\/wp-content\\\/uploads\\\/2025\\\/09\\\/logo-servihonda.png\",\"width\":253,\"height\":72,\"caption\":\"Servihonda M\u00e1laga\"},\"image\":{\"@id\":\"https:\\\/\\\/servihonda.es\\\/en\\\/#\\\/schema\\\/logo\\\/image\\\/\"}}]}<\/script>\n<!-- \/ Yoast SEO plugin. -->","yoast_head_json":{"title":"Test Ride a Honda Motorcycle in M\u00e1laga | Servihonda M\u00e1laga","description":"With the Demo Bike service that we offer at Servihonda, you can test ride a Honda motorcycle in M\u00e1laga so that all our customers are completely convinced.","robots":{"index":"index","follow":"follow","max-snippet":"max-snippet:-1","max-image-preview":"max-image-preview:large","max-video-preview":"max-video-preview:-1"},"canonical":"https:\/\/servihonda.es\/en\/demo-bike\/","og_locale":"en_US","og_type":"article","og_title":"Test Ride a Honda Motorcycle in M\u00e1laga | Servihonda M\u00e1laga","og_description":"With the Demo Bike service that we offer at Servihonda, you can test ride a Honda motorcycle in M\u00e1laga so that all our customers are completely convinced.","og_url":"https:\/\/servihonda.es\/en\/demo-bike\/","og_site_name":"Servihonda M\u00e1laga","article_modified_time":"2025-12-16T23:38:19+00:00","twitter_card":"summary_large_image","twitter_misc":{"Est. reading time":"2 minutes"},"schema":{"@context":"https:\/\/schema.org","@graph":[{"@type":"WebPage","@id":"https:\/\/servihonda.es\/en\/demo-bike\/","url":"https:\/\/servihonda.es\/en\/demo-bike\/","name":"Test Ride a Honda Motorcycle in M\u00e1laga | Servihonda M\u00e1laga","isPartOf":{"@id":"https:\/\/servihonda.es\/en\/#website"},"datePublished":"2025-10-02T14:49:40+00:00","dateModified":"2025-12-16T23:38:19+00:00","description":"With the Demo Bike service that we offer at Servihonda, you can test ride a Honda motorcycle in M\u00e1laga so that all our customers are completely convinced.","breadcrumb":{"@id":"https:\/\/servihonda.es\/en\/demo-bike\/#breadcrumb"},"inLanguage":"en-US","potentialAction":[{"@type":"ReadAction","target":["https:\/\/servihonda.es\/en\/demo-bike\/"]}]},{"@type":"BreadcrumbList","@id":"https:\/\/servihonda.es\/en\/demo-bike\/#breadcrumb","itemListElement":[{"@type":"ListItem","position":1,"name":"Home page","item":"https:\/\/servihonda.es\/en\/"},{"@type":"ListItem","position":2,"name":"Demo bike"}]},{"@type":"WebSite","@id":"https:\/\/servihonda.es\/en\/#website","url":"https:\/\/servihonda.es\/en\/","name":"Servihonda M\u00e1laga","description":"","publisher":{"@id":"https:\/\/servihonda.es\/en\/#organization"},"potentialAction":[{"@type":"SearchAction","target":{"@type":"EntryPoint","urlTemplate":"https:\/\/servihonda.es\/en\/?s={search_term_string}"},"query-input":{"@type":"PropertyValueSpecification","valueRequired":true,"valueName":"search_term_string"}}],"inLanguage":"en-US"},{"@type":"Organization","@id":"https:\/\/servihonda.es\/en\/#organization","name":"Servihonda M\u00e1laga","url":"https:\/\/servihonda.es\/en\/","logo":{"@type":"ImageObject","inLanguage":"en-US","@id":"https:\/\/servihonda.es\/en\/#\/schema\/logo\/image\/","url":"https:\/\/servihonda.es\/wp-content\/uploads\/2025\/09\/logo-servihonda.png","contentUrl":"https:\/\/servihonda.es\/wp-content\/uploads\/2025\/09\/logo-servihonda.png","width":253,"height":72,"caption":"Servihonda M\u00e1laga"},"image":{"@id":"https:\/\/servihonda.es\/en\/#\/schema\/logo\/image\/"}}]}},"_links":{"self":[{"href":"https:\/\/servihonda.es\/en\/wp-json\/wp\/v2\/pages\/3645","targetHints":{"allow":["GET"]}}],"collection":[{"href":"https:\/\/servihonda.es\/en\/wp-json\/wp\/v2\/pages"}],"about":[{"href":"https:\/\/servihonda.es\/en\/wp-json\/wp\/v2\/types\/page"}],"author":[{"embeddable":true,"href":"https:\/\/servihonda.es\/en\/wp-json\/wp\/v2\/users\/1"}],"replies":[{"embeddable":true,"href":"https:\/\/servihonda.es\/en\/wp-json\/wp\/v2\/comments?post=3645"}],"version-history":[{"count":3,"href":"https:\/\/servihonda.es\/en\/wp-json\/wp\/v2\/pages\/3645\/revisions"}],"predecessor-version":[{"id":3649,"href":"https:\/\/servihonda.es\/en\/wp-json\/wp\/v2\/pages\/3645\/revisions\/3649"}],"wp:attachment":[{"href":"https:\/\/servihonda.es\/en\/wp-json\/wp\/v2\/media?parent=3645"}],"curies":[{"name":"wp","href":"https:\/\/api.w.org\/{rel}","templated":true}]}}