{"id":3635,"date":"2025-09-23T11:43:29","date_gmt":"2025-09-23T09:43:29","guid":{"rendered":"https:\/\/servihonda.es\/dealers\/"},"modified":"2025-12-17T01:37:57","modified_gmt":"2025-12-16T23:37:57","slug":"dealers","status":"publish","type":"page","link":"https:\/\/servihonda.es\/en\/dealers\/","title":{"rendered":"Dealers"},"content":{"rendered":"<section class=\"l-section wpb_row section-header height_medium with_img\"><div class=\"l-section-img\" role=\"img\" aria-label=\"Image\" data-img-width=\"1417\" data-img-height=\"797\" style=\"background-image: url(https:\/\/servihonda.es\/wp-content\/uploads\/2025\/09\/servihonda-malaga-gama-honda-africa-twin.jpg);\"><\/div><div class=\"l-section-overlay\" style=\"background:rgba(0,0,0,0.51)\"><\/div><div class=\"l-section-h i-cf\"><div class=\"g-cols vc_row via_flex valign_top type_default stacking_default\"><div class=\"vc_col-sm-12 wpb_column vc_column_container\"><div class=\"vc_column-inner\"><div class=\"wpb_wrapper\"><div class=\"w-vwrapper us_custom_de304e0b align_none valign_top\">[vc_custom_heading text=&#8221;Honda <strong>Motorcycle<\/strong> Dealers in M\u00e1laga&#8221; font_container=&#8221;tag:h1|text_align:left&#8221; use_theme_fonts=&#8221;yes&#8221; css=&#8221;%7B%22default%22%3A%7B%22color%22%3A%22%23fff%22%2C%22max-width%22%3A%221000px%22%7D%7D&#8221;]<div class=\"wpb_text_column us_custom_eb8f9415 has_text_color\"><div class=\"wpb_wrapper\"><p>Servihonda: Official Honda Motorcycle Dealer in M\u00e1laga, Marbella and Fuengirola.<\/p>\n<p>Check availability and book your appointment now.<\/p>\n<\/div><\/div><div class=\"w-btn-wrapper align_none\"><a class=\"w-btn us-btn-style_2\" href=\"#concesionarios\"><span class=\"w-btn-label\">View dealers<\/span><\/a><\/div><\/div><\/div><\/div><\/div><\/div><\/div><\/section><section class=\"l-section wpb_row height_medium\" id=\"concesionarios\"><div class=\"l-section-h i-cf\"><div class=\"g-cols vc_row via_flex valign_top type_default stacking_default\"><div class=\"vc_col-sm-12 wpb_column vc_column_container\"><div class=\"vc_column-inner\"><div class=\"wpb_wrapper\">[vc_custom_heading text=&#8221;Visit our <strong>dealers<\/strong>&#8221; font_container=&#8221;tag:h2|text_align:center&#8221; use_theme_fonts=&#8221;yes&#8221; css=&#8221;%7B%22default%22%3A%7B%22margin-bottom%22%3A%222rem%22%7D%7D&#8221;]<div class=\"w-grid us_post_list type_grid layout_205 cols_4 preload_style_spinner\" id=\"us_post_list_i963\" style=\"--columns:4;--gap:0.7rem;\"><style>@media (max-width:991px){#us_post_list_i963{--columns:2!important}}@media (max-width:650px){#us_post_list_i963{--columns:1!important}}.layout_205 .w-grid-item-h{}.layout_205 .usg_vwrapper_1{transition-duration:0.3s;transform-origin:50% 50%;transform:scale(1) translate(0%,0%)}.layout_205 .w-grid-item-h:focus-within .usg_vwrapper_1,.layout_205 .w-grid-item-h:hover .usg_vwrapper_1{transform:scale(1) translate(0%,0%);opacity:1;border-color:var(--color-content-primary)!important}.layout_205 .usg_post_title_1{transition-duration:0.3s;transform-origin:50% 50%;transform:scale(1) translate(0%,0%)}.layout_205 .w-grid-item-h:focus-within .usg_post_title_1,.layout_205 .w-grid-item-h:hover .usg_post_title_1{transform:scale(1) translate(0%,0%);opacity:1}.layout_205 .usg_vwrapper_1{padding:1rem!important;border:2px solid #C5C5C5!important}.layout_205 .usg_post_custom_field_1{width:100%!important}.layout_205 .usg_post_custom_field_2{font-size:0.8rem!important;font-weight:300!important}.layout_205 .usg_vwrapper_2{margin-bottom:1.5rem!important}<\/style><div class=\"w-grid-list\">\t<article class=\"w-grid-item size_1x1 post-4388 concesionario type-concesionario status-publish has-post-thumbnail hentry\" data-id=\"4388\">\r\n\t\t<div class=\"w-grid-item-h\">\r\n\t\t\t\t\t\t<div class=\"w-vwrapper usg_vwrapper_1 wrapper-gamas align_none valign_justify has-link\"><div class=\"w-vwrapper usg_vwrapper_2 align_none valign_top\" style=\"--vwrapper-gap:0.4rem\"><h3 class=\"w-post-elm post_title usg_post_title_1 entry-title color_link_inherit\"><a href=\"https:\/\/servihonda.es\/en\/concesionario\/servihonda-malaga\/\">Servihonda <strong>M\u00e1laga<\/strong><\/a><\/h3><div class=\"w-post-elm post_custom_field usg_post_custom_field_2 type_text direccion\"><span class=\"w-post-elm-value\">Av. Ortega y Gasset 210, 29006, M\u00e1laga <\/span><\/div><\/div><div class=\"w-post-elm post_custom_field usg_post_custom_field_1 mapa-home type_text mapa color_link_inherit\"><p><a style=\"display: block;\" href=\"https:\/\/maps.app.goo.gl\/iaXPbiztb7RmNBt28\" target=\"_blank\" rel=\"noopener\"><br \/>\n<iframe loading=\"lazy\" style=\"border: 0;\" src=\"https:\/\/www.google.com\/maps\/embed?pb=!1m18!1m12!1m3!1d474.27909573342504!2d-4.470014390674948!3d36.706931402950715!2m3!1f0!2f0!3f0!3m2!1i1024!2i768!4f13.1!3m3!1m2!1s0xd72f75af3e4a733%3A0x45477805396a8018!2sSERVIHONDA%20M%C3%A1laga!5e1!3m2!1ses!2ses!4v1758192432115!5m2!1ses!2ses\" width=\"100%\" height=\"200\" allowfullscreen=\"allowfullscreen\"><br \/>\n<\/iframe><br \/>\n<\/a><\/p>\n<\/div><a href=\"https:\/\/servihonda.es\/en\/concesionario\/servihonda-malaga\/\" class=\"w-vwrapper-link smooth-scroll\" aria-label=\"Link\"><\/a><\/div>\t\t<\/div>\r\n\t\t\t<\/article>\r\n\t<article class=\"w-grid-item size_1x1 post-4430 concesionario type-concesionario status-publish has-post-thumbnail hentry\" data-id=\"4430\">\r\n\t\t<div class=\"w-grid-item-h\">\r\n\t\t\t\t\t\t<div class=\"w-vwrapper usg_vwrapper_1 wrapper-gamas align_none valign_justify has-link\"><div class=\"w-vwrapper usg_vwrapper_2 align_none valign_top\" style=\"--vwrapper-gap:0.4rem\"><h3 class=\"w-post-elm post_title usg_post_title_1 entry-title color_link_inherit\"><a href=\"https:\/\/servihonda.es\/en\/concesionario\/servihonda-marbella\/\">Servihonda <strong>Marbella<\/strong><\/a><\/h3><div class=\"w-post-elm post_custom_field usg_post_custom_field_2 type_text direccion\"><span class=\"w-post-elm-value\">Calle Zinc 3, 29603, Marbella<\/span><\/div><\/div><div class=\"w-post-elm post_custom_field usg_post_custom_field_1 mapa-home type_text mapa color_link_inherit\"><p><a style=\"display: block; width: 100%; max-width: 600px;\" href=\"https:\/\/maps.app.goo.gl\/A2fpuXxQjxnXwHy17\" target=\"_blank\" rel=\"noopener\"><br \/>\n<iframe loading=\"lazy\" style=\"border: 0; pointer-events: none;\" src=\"https:\/\/www.google.com\/maps\/embed?pb=!1m18!1m12!1m3!1d377.40043420622646!2d-4.87093774775453!3d36.5095285092304!2m3!1f0!2f0!3f0!3m2!1i1024!2i768!4f13.1!3m3!1m2!1s0xd73278a8eff2d9b%3A0x38551d96cafbd5f1!2sSERVIHONDA%20Marbella!5e1!3m2!1ses!2ses!4v1758192945786!5m2!1ses!2ses\" width=\"100%\" height=\"200\" allowfullscreen=\"allowfullscreen\"><br \/>\n<\/iframe><br \/>\n<\/a><\/p>\n<\/div><a href=\"https:\/\/servihonda.es\/en\/concesionario\/servihonda-marbella\/\" class=\"w-vwrapper-link smooth-scroll\" aria-label=\"Link\"><\/a><\/div>\t\t<\/div>\r\n\t\t\t<\/article>\r\n\t<article class=\"w-grid-item size_1x1 post-4405 concesionario type-concesionario status-publish has-post-thumbnail hentry\" data-id=\"4405\">\r\n\t\t<div class=\"w-grid-item-h\">\r\n\t\t\t\t\t\t<div class=\"w-vwrapper usg_vwrapper_1 wrapper-gamas align_none valign_justify has-link\"><div class=\"w-vwrapper usg_vwrapper_2 align_none valign_top\" style=\"--vwrapper-gap:0.4rem\"><h3 class=\"w-post-elm post_title usg_post_title_1 entry-title color_link_inherit\"><a href=\"https:\/\/servihonda.es\/en\/concesionario\/servihonda-fuengirola\/\">Servihonda Fuengirola<\/a><\/h3><div class=\"w-post-elm post_custom_field usg_post_custom_field_2 type_text direccion\"><span class=\"w-post-elm-value\">Av. Torreblanca 7, 29640, Fuengirola <\/span><\/div><\/div><div class=\"w-post-elm post_custom_field usg_post_custom_field_1 mapa-home type_text mapa color_link_inherit\"><p><a href=\"https:\/\/maps.app.goo.gl\/GJ4rUXZqqqU3BzHe7\" target=\"_blank\" rel=\"noopener\"><br \/>\n<iframe loading=\"lazy\" style=\"border: 0; pointer-events: none;\" src=\"https:\/\/www.google.com\/maps\/embed?pb=!1m18!1m12!1m3!1d237.581419634533!2d-4.605442744981896!3d36.563494979154!2m3!1f0!2f0!3f0!3m2!1i1024!2i768!4f13.1!3m3!1m2!1s0xd72e255365a712b%3A0x97e76d578f00fad4!2sSERVIHONDA%20Fuengirola!5e1!3m2!1ses!2ses!4v1758193202672!5m2!1ses!2ses\" width=\"100%\" height=\"200\" allowfullscreen=\"allowfullscreen\"><br \/>\n<\/iframe><br \/>\n<\/a><\/p>\n<\/div><a href=\"https:\/\/servihonda.es\/en\/concesionario\/servihonda-fuengirola\/\" class=\"w-vwrapper-link smooth-scroll\" aria-label=\"Link\"><\/a><\/div>\t\t<\/div>\r\n\t\t\t<\/article>\r\n\t<article class=\"w-grid-item size_1x1 post-4416 concesionario type-concesionario status-publish has-post-thumbnail hentry\" data-id=\"4416\">\r\n\t\t<div class=\"w-grid-item-h\">\r\n\t\t\t\t\t\t<div class=\"w-vwrapper usg_vwrapper_1 wrapper-gamas align_none valign_justify has-link\"><div class=\"w-vwrapper usg_vwrapper_2 align_none valign_top\" style=\"--vwrapper-gap:0.4rem\"><h3 class=\"w-post-elm post_title usg_post_title_1 entry-title color_link_inherit\"><a href=\"https:\/\/servihonda.es\/en\/concesionario\/servihonda-ocasion\/\">Servihonda <strong>Ocasi\u00f3n<\/strong><\/a><\/h3><div class=\"w-post-elm post_custom_field usg_post_custom_field_2 type_text direccion\"><span class=\"w-post-elm-value\">Av. Ortega y Gasset 210, 29006, M\u00e1laga <\/span><\/div><\/div><div class=\"w-post-elm post_custom_field usg_post_custom_field_1 mapa-home type_text mapa color_link_inherit\"><p><a href=\"https:\/\/maps.app.goo.gl\/r8MuwiD3KuqoTDJVA\" target=\"_blank\" rel=\"noopener\"><br \/>\n<iframe loading=\"lazy\" style=\"border: 0;\" src=\"https:\/\/www.google.com\/maps\/embed?pb=!1m18!1m12!1m3!1d376.4362496196061!2d-4.470062263587811!3d36.706809132753364!2m3!1f0!2f0!3f0!3m2!1i1024!2i768!4f13.1!3m3!1m2!1s0xd72f74599a7595b%3A0x75b04486cbd6a718!2sShop%20Servihonda%20Ocasi%C3%B3n%20Premium!5e1!3m2!1ses!2ses!4v1758193296904!5m2!1ses!2ses\" width=\"100%\" height=\"200\" allowfullscreen=\"allowfullscreen\"><\/iframe><br \/>\n<\/a><\/p>\n<\/div><a href=\"https:\/\/servihonda.es\/en\/concesionario\/servihonda-ocasion\/\" class=\"w-vwrapper-link smooth-scroll\" aria-label=\"Link\"><\/a><\/div>\t\t<\/div>\r\n\t\t\t<\/article>\r\n<\/div><div class=\"g-loadmore hidden\"><div class=\"g-preloader type_1\"><div><\/div><\/div><\/div><div class=\"w-grid-list-json hidden\" onclick='return {&quot;max_num_pages&quot;:0,&quot;paginationBase&quot;:&quot;page&quot;,&quot;pagination&quot;:&quot;none&quot;,&quot;paged&quot;:1,&quot;ajaxData&quot;:{&quot;action&quot;:&quot;us_ajax_post_list&quot;,&quot;meta_type&quot;:&quot;post&quot;,&quot;object_id&quot;:0,&quot;template_vars&quot;:{&quot;shortcode_base&quot;:&quot;us_post_list&quot;,&quot;paged&quot;:1,&quot;max_num_pages&quot;:0,&quot;no_results&quot;:false,&quot;us_post_content_design_css&quot;:[],&quot;found_posts&quot;:0,&quot;items_count&quot;:4,&quot;source&quot;:&quot;all&quot;,&quot;custom_field_name&quot;:&quot;&quot;,&quot;ids&quot;:&quot;&quot;,&quot;post_type&quot;:&quot;concesionario&quot;,&quot;attachment_ids&quot;:null,&quot;include_post_thumbnail&quot;:0,&quot;post_author&quot;:&quot;any&quot;,&quot;post_author_ids&quot;:&quot;&quot;,&quot;apply_url_params&quot;:0,&quot;exclude_children&quot;:0,&quot;exclude_current_post&quot;:1,&quot;exclude_prev_posts&quot;:0,&quot;enable_items_offset&quot;:0,&quot;items_offset&quot;:&quot;1&quot;,&quot;tax_query_relation&quot;:&quot;none&quot;,&quot;tax_query&quot;:[{&quot;operator&quot;:&quot;IN&quot;,&quot;taxonomy&quot;:&quot;category&quot;,&quot;terms&quot;:&quot;&quot;,&quot;include_children&quot;:0}],&quot;meta_query_relation&quot;:&quot;none&quot;,&quot;meta_query&quot;:[{&quot;key&quot;:&quot;custom_field_name&quot;,&quot;compare&quot;:&quot;=&quot;,&quot;value&quot;:&quot;&quot;}],&quot;orderby&quot;:&quot;date&quot;,&quot;orderby_custom_field&quot;:&quot;&quot;,&quot;orderby_custom_type&quot;:0,&quot;order_invert&quot;:&quot;1&quot;,&quot;show_all&quot;:0,&quot;quantity&quot;:&quot;4&quot;,&quot;posts_per_archive_page&quot;:0,&quot;no_items_action&quot;:&quot;message&quot;,&quot;no_items_message&quot;:&quot;No results found.&quot;,&quot;no_items_page_block&quot;:&quot;&quot;,&quot;pagination&quot;:&quot;none&quot;,&quot;pagination_style&quot;:&quot;&quot;,&quot;pagination_btn_text&quot;:&quot;Load More&quot;,&quot;pagination_btn_size&quot;:&quot;&quot;,&quot;pagination_btn_style&quot;:&quot;1&quot;,&quot;pagination_btn_fullwidth&quot;:0,&quot;items_layout&quot;:&quot;205&quot;,&quot;type&quot;:&quot;grid&quot;,&quot;items_valign&quot;:0,&quot;ignore_items_size&quot;:0,&quot;columns&quot;:&quot;4&quot;,&quot;items_gap&quot;:&quot;0.7rem&quot;,&quot;load_animation&quot;:&quot;none&quot;,&quot;items_preload_style&quot;:&quot;spinner&quot;,&quot;img_size&quot;:&quot;default&quot;,&quot;title_size&quot;:&quot;&quot;,&quot;items_ratio&quot;:&quot;default&quot;,&quot;items_ratio_width&quot;:&quot;21&quot;,&quot;items_ratio_height&quot;:&quot;9&quot;,&quot;overriding_link&quot;:&quot;%7B%22url%22%3A%22%22%7D&quot;,&quot;popup_page_template&quot;:&quot;0&quot;,&quot;popup_width&quot;:&quot;&quot;,&quot;popup_arrows&quot;:1,&quot;breakpoint_1_width&quot;:&quot;1281px&quot;,&quot;breakpoint_1_cols&quot;:&quot;default&quot;,&quot;breakpoint_1_quantity&quot;:&quot;&quot;,&quot;breakpoint_1_gap&quot;:&quot;&quot;,&quot;breakpoint_2_width&quot;:&quot;992px&quot;,&quot;breakpoint_2_cols&quot;:&quot;2&quot;,&quot;breakpoint_2_quantity&quot;:&quot;&quot;,&quot;breakpoint_2_gap&quot;:&quot;&quot;,&quot;breakpoint_3_width&quot;:&quot;651px&quot;,&quot;breakpoint_3_cols&quot;:&quot;1&quot;,&quot;breakpoint_3_quantity&quot;:&quot;&quot;,&quot;breakpoint_3_gap&quot;:&quot;&quot;,&quot;conditions_operator&quot;:&quot;always&quot;,&quot;conditions&quot;:[],&quot;css&quot;:null,&quot;el_class&quot;:&quot;&quot;,&quot;el_id&quot;:&quot;&quot;,&quot;enable_custom_html_atts&quot;:0,&quot;custom_html_atts&quot;:null,&quot;hide_on_states&quot;:&quot;&quot;,&quot;hide_for_sticky&quot;:0,&quot;hide_for_not_sticky&quot;:0,&quot;hide_below&quot;:&quot;0px&quot;,&quot;hide_above&quot;:&quot;0px&quot;,&quot;classes&quot;:&quot;&quot;}},&quot;facetedFilter&quot;:[]}'><\/div><\/div><\/div><\/div><\/div><\/div><\/div><\/section>\n","protected":false},"excerpt":{"rendered":"[vc_custom_heading text=\"SERVIHONDA SHOP PREMIUM USED\" use_theme_fonts=\"yes\"]In Servihonda Shop Ocasi\u00f3n Premium you will find a wide range of motorcycles Kil\u00f3metro Cero, Pre-owned and Used, fully checked and guaranteed. We value your used motorcycle, and we look for the financing that best suits your needs. See used motorcycles on our official website. See used motorcycles in Mil...","protected":false},"author":1,"featured_media":0,"parent":0,"menu_order":0,"comment_status":"closed","ping_status":"closed","template":"","meta":{"_acf_changed":false,"footnotes":""},"class_list":["post-3635","page","type-page","status-publish","hentry"],"acf":[],"yoast_head":"<!-- This site is optimized with the Yoast SEO plugin v27.4 - https:\/\/yoast.com\/product\/yoast-seo-wordpress\/ -->\n<title>Honda Motorcycle Dealers M\u00e1laga | Servihonda M\u00e1laga<\/title>\n<meta name=\"description\" content=\"Make your dreams a reality by visiting our Honda Motorcycle dealers in M\u00e1laga with easy payment options and excellent quality service.\" \/>\n<meta name=\"robots\" content=\"index, follow, max-snippet:-1, max-image-preview:large, max-video-preview:-1\" \/>\n<link rel=\"canonical\" href=\"https:\/\/servihonda.es\/en\/dealers\/\" \/>\n<meta property=\"og:locale\" content=\"en_US\" \/>\n<meta property=\"og:type\" content=\"article\" \/>\n<meta property=\"og:title\" content=\"Honda Motorcycle Dealers M\u00e1laga | Servihonda M\u00e1laga\" \/>\n<meta property=\"og:description\" content=\"Make your dreams a reality by visiting our Honda Motorcycle dealers in M\u00e1laga with easy payment options and excellent quality service.\" \/>\n<meta property=\"og:url\" content=\"https:\/\/servihonda.es\/en\/dealers\/\" \/>\n<meta property=\"og:site_name\" content=\"Servihonda M\u00e1laga\" \/>\n<meta property=\"article:modified_time\" content=\"2025-12-16T23:37:57+00:00\" \/>\n<meta name=\"twitter:card\" content=\"summary_large_image\" \/>\n<meta name=\"twitter:label1\" content=\"Est. reading time\" \/>\n\t<meta name=\"twitter:data1\" content=\"1 minute\" \/>\n<script type=\"application\/ld+json\" class=\"yoast-schema-graph\">{\"@context\":\"https:\\\/\\\/schema.org\",\"@graph\":[{\"@type\":\"WebPage\",\"@id\":\"https:\\\/\\\/servihonda.es\\\/en\\\/dealers\\\/\",\"url\":\"https:\\\/\\\/servihonda.es\\\/en\\\/dealers\\\/\",\"name\":\"Honda Motorcycle Dealers M\u00e1laga | Servihonda M\u00e1laga\",\"isPartOf\":{\"@id\":\"https:\\\/\\\/servihonda.es\\\/en\\\/#website\"},\"datePublished\":\"2025-09-23T09:43:29+00:00\",\"dateModified\":\"2025-12-16T23:37:57+00:00\",\"description\":\"Make your dreams a reality by visiting our Honda Motorcycle dealers in M\u00e1laga with easy payment options and excellent quality service.\",\"breadcrumb\":{\"@id\":\"https:\\\/\\\/servihonda.es\\\/en\\\/dealers\\\/#breadcrumb\"},\"inLanguage\":\"en-US\",\"potentialAction\":[{\"@type\":\"ReadAction\",\"target\":[\"https:\\\/\\\/servihonda.es\\\/en\\\/dealers\\\/\"]}]},{\"@type\":\"BreadcrumbList\",\"@id\":\"https:\\\/\\\/servihonda.es\\\/en\\\/dealers\\\/#breadcrumb\",\"itemListElement\":[{\"@type\":\"ListItem\",\"position\":1,\"name\":\"Home page\",\"item\":\"https:\\\/\\\/servihonda.es\\\/en\\\/\"},{\"@type\":\"ListItem\",\"position\":2,\"name\":\"Dealers\"}]},{\"@type\":\"WebSite\",\"@id\":\"https:\\\/\\\/servihonda.es\\\/en\\\/#website\",\"url\":\"https:\\\/\\\/servihonda.es\\\/en\\\/\",\"name\":\"Servihonda M\u00e1laga\",\"description\":\"\",\"publisher\":{\"@id\":\"https:\\\/\\\/servihonda.es\\\/en\\\/#organization\"},\"potentialAction\":[{\"@type\":\"SearchAction\",\"target\":{\"@type\":\"EntryPoint\",\"urlTemplate\":\"https:\\\/\\\/servihonda.es\\\/en\\\/?s={search_term_string}\"},\"query-input\":{\"@type\":\"PropertyValueSpecification\",\"valueRequired\":true,\"valueName\":\"search_term_string\"}}],\"inLanguage\":\"en-US\"},{\"@type\":\"Organization\",\"@id\":\"https:\\\/\\\/servihonda.es\\\/en\\\/#organization\",\"name\":\"Servihonda M\u00e1laga\",\"url\":\"https:\\\/\\\/servihonda.es\\\/en\\\/\",\"logo\":{\"@type\":\"ImageObject\",\"inLanguage\":\"en-US\",\"@id\":\"https:\\\/\\\/servihonda.es\\\/en\\\/#\\\/schema\\\/logo\\\/image\\\/\",\"url\":\"https:\\\/\\\/servihonda.es\\\/wp-content\\\/uploads\\\/2025\\\/09\\\/logo-servihonda.png\",\"contentUrl\":\"https:\\\/\\\/servihonda.es\\\/wp-content\\\/uploads\\\/2025\\\/09\\\/logo-servihonda.png\",\"width\":253,\"height\":72,\"caption\":\"Servihonda M\u00e1laga\"},\"image\":{\"@id\":\"https:\\\/\\\/servihonda.es\\\/en\\\/#\\\/schema\\\/logo\\\/image\\\/\"}}]}<\/script>\n<!-- \/ Yoast SEO plugin. -->","yoast_head_json":{"title":"Honda Motorcycle Dealers M\u00e1laga | Servihonda M\u00e1laga","description":"Make your dreams a reality by visiting our Honda Motorcycle dealers in M\u00e1laga with easy payment options and excellent quality service.","robots":{"index":"index","follow":"follow","max-snippet":"max-snippet:-1","max-image-preview":"max-image-preview:large","max-video-preview":"max-video-preview:-1"},"canonical":"https:\/\/servihonda.es\/en\/dealers\/","og_locale":"en_US","og_type":"article","og_title":"Honda Motorcycle Dealers M\u00e1laga | Servihonda M\u00e1laga","og_description":"Make your dreams a reality by visiting our Honda Motorcycle dealers in M\u00e1laga with easy payment options and excellent quality service.","og_url":"https:\/\/servihonda.es\/en\/dealers\/","og_site_name":"Servihonda M\u00e1laga","article_modified_time":"2025-12-16T23:37:57+00:00","twitter_card":"summary_large_image","twitter_misc":{"Est. reading time":"1 minute"},"schema":{"@context":"https:\/\/schema.org","@graph":[{"@type":"WebPage","@id":"https:\/\/servihonda.es\/en\/dealers\/","url":"https:\/\/servihonda.es\/en\/dealers\/","name":"Honda Motorcycle Dealers M\u00e1laga | Servihonda M\u00e1laga","isPartOf":{"@id":"https:\/\/servihonda.es\/en\/#website"},"datePublished":"2025-09-23T09:43:29+00:00","dateModified":"2025-12-16T23:37:57+00:00","description":"Make your dreams a reality by visiting our Honda Motorcycle dealers in M\u00e1laga with easy payment options and excellent quality service.","breadcrumb":{"@id":"https:\/\/servihonda.es\/en\/dealers\/#breadcrumb"},"inLanguage":"en-US","potentialAction":[{"@type":"ReadAction","target":["https:\/\/servihonda.es\/en\/dealers\/"]}]},{"@type":"BreadcrumbList","@id":"https:\/\/servihonda.es\/en\/dealers\/#breadcrumb","itemListElement":[{"@type":"ListItem","position":1,"name":"Home page","item":"https:\/\/servihonda.es\/en\/"},{"@type":"ListItem","position":2,"name":"Dealers"}]},{"@type":"WebSite","@id":"https:\/\/servihonda.es\/en\/#website","url":"https:\/\/servihonda.es\/en\/","name":"Servihonda M\u00e1laga","description":"","publisher":{"@id":"https:\/\/servihonda.es\/en\/#organization"},"potentialAction":[{"@type":"SearchAction","target":{"@type":"EntryPoint","urlTemplate":"https:\/\/servihonda.es\/en\/?s={search_term_string}"},"query-input":{"@type":"PropertyValueSpecification","valueRequired":true,"valueName":"search_term_string"}}],"inLanguage":"en-US"},{"@type":"Organization","@id":"https:\/\/servihonda.es\/en\/#organization","name":"Servihonda M\u00e1laga","url":"https:\/\/servihonda.es\/en\/","logo":{"@type":"ImageObject","inLanguage":"en-US","@id":"https:\/\/servihonda.es\/en\/#\/schema\/logo\/image\/","url":"https:\/\/servihonda.es\/wp-content\/uploads\/2025\/09\/logo-servihonda.png","contentUrl":"https:\/\/servihonda.es\/wp-content\/uploads\/2025\/09\/logo-servihonda.png","width":253,"height":72,"caption":"Servihonda M\u00e1laga"},"image":{"@id":"https:\/\/servihonda.es\/en\/#\/schema\/logo\/image\/"}}]}},"_links":{"self":[{"href":"https:\/\/servihonda.es\/en\/wp-json\/wp\/v2\/pages\/3635","targetHints":{"allow":["GET"]}}],"collection":[{"href":"https:\/\/servihonda.es\/en\/wp-json\/wp\/v2\/pages"}],"about":[{"href":"https:\/\/servihonda.es\/en\/wp-json\/wp\/v2\/types\/page"}],"author":[{"embeddable":true,"href":"https:\/\/servihonda.es\/en\/wp-json\/wp\/v2\/users\/1"}],"replies":[{"embeddable":true,"href":"https:\/\/servihonda.es\/en\/wp-json\/wp\/v2\/comments?post=3635"}],"version-history":[{"count":3,"href":"https:\/\/servihonda.es\/en\/wp-json\/wp\/v2\/pages\/3635\/revisions"}],"predecessor-version":[{"id":3640,"href":"https:\/\/servihonda.es\/en\/wp-json\/wp\/v2\/pages\/3635\/revisions\/3640"}],"wp:attachment":[{"href":"https:\/\/servihonda.es\/en\/wp-json\/wp\/v2\/media?parent=3635"}],"curies":[{"name":"wp","href":"https:\/\/api.w.org\/{rel}","templated":true}]}}