{"id":3597,"date":"2025-10-02T14:27:13","date_gmt":"2025-10-02T12:27:13","guid":{"rendered":"https:\/\/servihonda.es\/boutique-and-accessories\/"},"modified":"2026-02-02T14:21:28","modified_gmt":"2026-02-02T12:21:28","slug":"boutique-and-accessories","status":"publish","type":"page","link":"https:\/\/servihonda.es\/en\/boutique-and-accessories\/","title":{"rendered":"Boutique and accessories"},"content":{"rendered":"<section class=\"l-section wpb_row height_medium with_img\"><div class=\"l-section-img\" role=\"img\" aria-label=\"Image\" data-img-width=\"1417\" data-img-height=\"797\" style=\"background-image: url(https:\/\/servihonda.es\/wp-content\/uploads\/2025\/09\/servihonda-malaga-gama-honda-africa-twin.jpg);\"><\/div><div class=\"l-section-overlay\" style=\"background:rgba(0,0,0,0.51)\"><\/div><div class=\"l-section-h i-cf\"><div class=\"g-cols vc_row via_flex valign_top type_default stacking_default\"><div class=\"vc_col-sm-12 wpb_column vc_column_container\"><div class=\"vc_column-inner\"><div class=\"wpb_wrapper\"><div class=\"w-vwrapper us_custom_de304e0b align_none valign_top\">[vc_custom_heading text=&#8221;Boutique and accessories<strong> Servihonda<\/strong>&#8221; font_container=&#8221;tag:h1|text_align:left&#8221; use_theme_fonts=&#8221;yes&#8221; css=&#8221;%7B%22default%22%3A%7B%22color%22%3A%22%23fff%22%2C%22max-width%22%3A%221000px%22%7D%7D&#8221;]<div class=\"wpb_text_column us_custom_eb8f9415 has_text_color\"><div class=\"wpb_wrapper\"><p>Servihonda: Official Honda Motorcycle Dealership in M\u00e1laga, Marbella and Fuengirola.<\/p>\n<\/div><\/div><div class=\"w-btn-wrapper align_none\"><a class=\"w-btn us-btn-style_2\" href=\"#concesionarios\"><span class=\"w-btn-label\">View dealers<\/span><\/a><\/div><\/div><\/div><\/div><\/div><\/div><\/div><\/section><section class=\"l-section wpb_row height_medium\"><div class=\"l-section-h i-cf\"><div class=\"g-cols vc_row via_flex valign_top type_default reversed stacking_default\"><div class=\"vc_col-sm-8 wpb_column vc_column_container\"><div class=\"vc_column-inner\"><div class=\"wpb_wrapper\"><div class=\"w-slider style_none fit_cover nav_none has_ratio count_9\" style=\"--aspect-ratio: 16\/9;\"><div class=\"w-slider-h\"><div class=\"royalSlider\"><div class=\"rsContent\"><a class=\"rsImg\" data-rsw=\"1920\" data-rsh=\"1280\" href=\"https:\/\/servihonda.es\/wp-content\/uploads\/2025\/10\/25.01.17_SERVIHONDA-MALAGA-15-scaled.jpg\"><span data-alt=\"servihonda boutique en m\u00e1laga\"><\/span><\/a><\/div><div class=\"rsContent\"><a class=\"rsImg\" data-rsw=\"1920\" data-rsh=\"1280\" href=\"https:\/\/servihonda.es\/wp-content\/uploads\/2025\/10\/25.01.17_SERVIHONDA-MALAGA-16-scaled.jpg\"><span data-alt=\"servihonda boutique en m\u00e1laga\"><\/span><\/a><\/div><div class=\"rsContent\"><a class=\"rsImg\" data-rsw=\"1920\" data-rsh=\"1280\" href=\"https:\/\/servihonda.es\/wp-content\/uploads\/2025\/10\/25.01.17_SERVIHONDA-MALAGA-20-scaled.jpg\"><span data-alt=\"servihonda boutique en m\u00e1laga\"><\/span><\/a><\/div><div class=\"rsContent\"><a class=\"rsImg\" data-rsw=\"1920\" data-rsh=\"1280\" href=\"https:\/\/servihonda.es\/wp-content\/uploads\/2025\/10\/25.01.17_SERVIHONDA-MALAGA-8-scaled.jpg\"><span data-alt=\"servihonda boutique en m\u00e1laga\"><\/span><\/a><\/div><div class=\"rsContent\"><a class=\"rsImg\" data-rsw=\"1920\" data-rsh=\"1280\" href=\"https:\/\/servihonda.es\/wp-content\/uploads\/2025\/10\/25.01.17_SERVIHONDA-MALAGA-19-scaled.jpg\"><span data-alt=\"servihonda boutique en m\u00e1laga\"><\/span><\/a><\/div><div class=\"rsContent\"><a class=\"rsImg\" data-rsw=\"1920\" data-rsh=\"1280\" href=\"https:\/\/servihonda.es\/wp-content\/uploads\/2025\/10\/25.01.17_SERVIHONDA-MALAGA-7-scaled.jpg\"><span data-alt=\"servihonda boutique en m\u00e1laga\"><\/span><\/a><\/div><div class=\"rsContent\"><a class=\"rsImg\" data-rsw=\"1920\" data-rsh=\"1280\" href=\"https:\/\/servihonda.es\/wp-content\/uploads\/2025\/10\/25.01.17_SERVIHONDA-MALAGA-5-scaled.jpg\"><span data-alt=\"servihonda boutique en m\u00e1laga\"><\/span><\/a><\/div><div class=\"rsContent\"><a class=\"rsImg\" data-rsw=\"1920\" data-rsh=\"1280\" href=\"https:\/\/servihonda.es\/wp-content\/uploads\/2025\/10\/25.01.17_SERVIHONDA-MALAGA-4-scaled.jpg\"><span data-alt=\"servihonda boutique en m\u00e1laga\"><\/span><\/a><\/div><div class=\"rsContent\"><a class=\"rsImg\" data-rsw=\"1920\" data-rsh=\"1280\" href=\"https:\/\/servihonda.es\/wp-content\/uploads\/2025\/10\/25.01.17_SERVIHONDA-MALAGA-6-scaled.jpg\"><span data-alt=\"servihonda boutique en m\u00e1laga\"><\/span><\/a><\/div><\/div><img decoding=\"async\" src=\"https:\/\/servihonda.es\/wp-content\/uploads\/2025\/10\/25.01.17_SERVIHONDA-MALAGA-15-scaled.jpg\" width=\"1920\" height=\"1280\" alt=\"servihonda boutique en m\u00e1laga\" loading=\"lazy\"><\/div><div class=\"w-slider-json\" onclick='return {&quot;autoScaleSlider&quot;:false,&quot;addActiveClass&quot;:true,&quot;loop&quot;:true,&quot;fadeInLoadedSlide&quot;:false,&quot;slidesSpacing&quot;:0,&quot;imageScalePadding&quot;:0,&quot;numImagesToPreload&quot;:2,&quot;arrowsNav&quot;:true,&quot;arrowsNavAutoHide&quot;:false,&quot;transitionType&quot;:&quot;move&quot;,&quot;transitionSpeed&quot;:250,&quot;block&quot;:{&quot;moveEffect&quot;:&quot;none&quot;,&quot;speed&quot;:300},&quot;thumbs&quot;:{&quot;fitInViewport&quot;:false,&quot;firstMargin&quot;:false,&quot;spacing&quot;:4},&quot;controlNavigation&quot;:&quot;none&quot;}'><\/div><\/div><div class=\"w-hwrapper valign_top align_none\" style=\"--hwrapper-gap:0.5rem\"><div class=\"w-btn-wrapper align_none\"><a class=\"w-btn us-btn-style_1\" href=\"https:\/\/servihonda.es\/concesionario\/servihonda-malaga\/\"><span class=\"w-btn-label\">Servihonda M\u00e1laga<\/span><\/a><\/div><div class=\"w-btn-wrapper align_none\"><a class=\"w-btn us-btn-style_1\" href=\"https:\/\/servihonda.es\/concesionario\/servihonda-fuengirola\/\"><span class=\"w-btn-label\">Servihonda Fuengirola<\/span><\/a><\/div><div class=\"w-btn-wrapper align_none\"><a class=\"w-btn us-btn-style_1\" href=\"https:\/\/servihonda.es\/concesionario\/servihonda-marbella\/\"><span class=\"w-btn-label\">Servihonda Marbella<\/span><\/a><\/div><\/div><\/div><\/div><\/div><div class=\"vc_col-sm-4 wpb_column vc_column_container\"><div class=\"vc_column-inner\"><div class=\"wpb_wrapper\">[vc_custom_heading text=&#8221;<strong>Motorcycle boutique<\/strong> in M\u00e1laga, Marbella and Fuengirola&#8221; use_theme_fonts=&#8221;yes&#8221; css=&#8221;%7B%22default%22%3A%7B%22font-size%22%3A%222rem%22%7D%7D&#8221;]<div class=\"wpb_text_column\"><div class=\"wpb_wrapper\"><p>At Servihonda we offer our customers the Boutique Service, where you will find all kinds of clothing and accessories for motorcycles. Servihonda Boutique is available at our locations:<\/p>\n<\/div><\/div><div class=\"w-hwrapper valign_top align_none\"><div class=\"w-vwrapper align_none valign_top\"><div class=\"w-iconbox iconpos_left style_default color_primary align_left no_text\"><div class=\"w-iconbox-icon\" style=\"font-size:1.5rem;\"><span class=\"fas fa-check-circle\"><\/span><\/div><div class=\"w-iconbox-meta\"><p class=\"w-iconbox-title\">Motorcycle helmets<\/p><\/div><\/div><div class=\"w-iconbox iconpos_left style_default color_primary align_left no_text\"><div class=\"w-iconbox-icon\" style=\"font-size:1.5rem;\"><span class=\"fas fa-check-circle\"><\/span><\/div><div class=\"w-iconbox-meta\"><p class=\"w-iconbox-title\">Jerseys and fleeces<\/p><\/div><\/div><div class=\"w-iconbox iconpos_left style_default color_primary align_left no_text\"><div class=\"w-iconbox-icon\" style=\"font-size:1.5rem;\"><span class=\"fas fa-check-circle\"><\/span><\/div><div class=\"w-iconbox-meta\"><p class=\"w-iconbox-title\">Jackets<\/p><\/div><\/div><div class=\"w-iconbox iconpos_left style_default color_primary align_left no_text\"><div class=\"w-iconbox-icon\" style=\"font-size:1.5rem;\"><span class=\"fas fa-check-circle\"><\/span><\/div><div class=\"w-iconbox-meta\"><p class=\"w-iconbox-title\">Rain gear<\/p><\/div><\/div><div class=\"w-iconbox iconpos_left style_default color_primary align_left no_text\"><div class=\"w-iconbox-icon\" style=\"font-size:1.5rem;\"><span class=\"fas fa-check-circle\"><\/span><\/div><div class=\"w-iconbox-meta\"><p class=\"w-iconbox-title\">Leather suits<\/p><\/div><\/div><div class=\"w-iconbox iconpos_left style_default color_primary align_left no_text\"><div class=\"w-iconbox-icon\" style=\"font-size:1.5rem;\"><span class=\"fas fa-check-circle\"><\/span><\/div><div class=\"w-iconbox-meta\"><p class=\"w-iconbox-title\">Gloves<\/p><\/div><\/div><\/div><div class=\"w-vwrapper align_none valign_top\"><div class=\"w-iconbox iconpos_left style_default color_primary align_left no_text\"><div class=\"w-iconbox-icon\" style=\"font-size:1.5rem;\"><span class=\"fas fa-check-circle\"><\/span><\/div><div class=\"w-iconbox-meta\"><p class=\"w-iconbox-title\">Motorcycle boots<\/p><\/div><\/div><div class=\"w-iconbox iconpos_left style_default color_primary align_left no_text\"><div class=\"w-iconbox-icon\" style=\"font-size:1.5rem;\"><span class=\"fas fa-check-circle\"><\/span><\/div><div class=\"w-iconbox-meta\"><p class=\"w-iconbox-title\">Sneakers and footwear<\/p><\/div><\/div><div class=\"w-iconbox iconpos_left style_default color_primary align_left no_text\"><div class=\"w-iconbox-icon\" style=\"font-size:1.5rem;\"><span class=\"fas fa-check-circle\"><\/span><\/div><div class=\"w-iconbox-meta\"><p class=\"w-iconbox-title\">Protective gear<\/p><\/div><\/div><div class=\"w-iconbox iconpos_left style_default color_primary align_left no_text\"><div class=\"w-iconbox-icon\" style=\"font-size:1.5rem;\"><span class=\"fas fa-check-circle\"><\/span><\/div><div class=\"w-iconbox-meta\"><p class=\"w-iconbox-title\">Backpacks<\/p><\/div><\/div><div class=\"w-iconbox iconpos_left style_default color_primary align_left no_text\"><div class=\"w-iconbox-icon\" style=\"font-size:1.5rem;\"><span class=\"fas fa-check-circle\"><\/span><\/div><div class=\"w-iconbox-meta\"><p class=\"w-iconbox-title\">Top cases<\/p><\/div><\/div><div class=\"w-iconbox iconpos_left style_default color_primary align_left no_text\"><div class=\"w-iconbox-icon\" style=\"font-size:1.5rem;\"><span class=\"fas fa-check-circle\"><\/span><\/div><div class=\"w-iconbox-meta\"><p class=\"w-iconbox-title\">Luggage<\/p><\/div><\/div><\/div><\/div><\/div><\/div><\/div><\/div><\/div><\/section><section class=\"l-section wpb_row height_medium\"><div class=\"l-section-h i-cf\"><div class=\"g-cols vc_row via_flex valign_top type_default stacking_default\"><div class=\"vc_col-sm-12 wpb_column vc_column_container\"><div class=\"vc_column-inner\"><div class=\"wpb_wrapper\">[vc_custom_heading text=&#8221;Promotions&#8221; font_container=&#8221;tag:h2|text_align:center&#8221; use_theme_fonts=&#8221;yes&#8221; css=&#8221;%7B%22default%22%3A%7B%22margin-bottom%22%3A%223rem%22%7D%7D&#8221;]<div class=\"w-grid us_post_list type_grid layout_215 cols_2 preload_style_spinner\" id=\"us_post_list_kd2e\" style=\"--columns:2;--gap:1.5rem;\"><style>@media (max-width:650px){#us_post_list_kd2e{--columns:1!important}}.layout_215 .w-grid-item-h{}.layout_215 .usg_vwrapper_1{width:377px!important;position:relative!important;overflow:hidden!important}.layout_215 .usg_post_image_1{height:200px!important;margin-bottom:0!important}.layout_215 .usg_post_date_1{font-size:0.8rem!important;border-radius:30px 0px 0px 0px!important;position:absolute!important;bottom:0!important;right:0!important;background:#D9D9D9!important;padding:0.5rem 1rem 0.5rem 1rem!important}.layout_215 .usg_vwrapper_2{max-width:400px!important}.layout_215 .usg_post_title_1{color:#000!important;font-size:1rem!important;font-family:var(--font-family)!important;font-weight:600!important;text-transform:none!important}.layout_215 .usg_text_1{color:var(--color-content-primary)!important;font-size:0.8rem!important;font-weight:600!important}.layout_215 .usg_post_content_1{font-size:0.8rem!important;font-weight:300!important}<\/style><div class=\"w-grid-list\">\t<article class=\"w-grid-item size_1x1 post-209 promocion type-promocion status-publish has-post-thumbnail hentry categoria-promociones-promociones-recambios\" data-id=\"209\">\r\n\t\t<div class=\"w-grid-item-h\">\r\n\t\t\t\t\t\t<div class=\"w-hwrapper usg_hwrapper_1 wrapper-promotion align_none valign_middle\"><div class=\"w-vwrapper usg_vwrapper_1 align_none valign_top\"><div class=\"w-post-elm post_image usg_post_image_1 has_height has_ratio\"><a href=\"https:\/\/servihonda.es\/en\/?p=209\" aria-label=\"Honda revoluciona la conducci\u00f3n con su innovador sistema E-Clutch\"><img loading=\"lazy\" decoding=\"async\" width=\"922\" height=\"489\" src=\"https:\/\/servihonda.es\/wp-content\/uploads\/2025\/09\/promocion-servihonda.jpg\" class=\"attachment-full size-full wp-post-image\" alt=\"motos honda m\u00e1laga\" \/><\/a><div style=\"padding-bottom:56.25%\"><\/div><\/div><time class=\"w-post-elm post_date usg_post_date_1 entry-date published\" datetime=\"2025-09-18T13:59:21+02:00\">09\/18\/2025<\/time><\/div><div class=\"w-vwrapper usg_vwrapper_2 wrapper-promotion-text align_none valign_top\"><h3 class=\"w-post-elm post_title usg_post_title_1 has_text_color entry-title color_link_inherit\"><a href=\"https:\/\/servihonda.es\/en\/?p=209\">Honda revoluciona la conducci\u00f3n con su innovador sistema E-Clutch<\/a><\/h3><div class=\"w-text usg_text_1 has_text_color\"><a href=\"https:\/\/servihonda.es\/en\/?p=209\" class=\"w-text-h\"><span class=\"w-text-value\">Leer mas +<\/span><\/a><\/div><\/div><\/div>\t\t<\/div>\r\n\t\t\t<\/article>\r\n\t<article class=\"w-grid-item size_1x1 post-213 promocion type-promocion status-publish has-post-thumbnail hentry categoria-promociones-promociones-del-taller\" data-id=\"213\">\r\n\t\t<div class=\"w-grid-item-h\">\r\n\t\t\t\t\t\t<div class=\"w-hwrapper usg_hwrapper_1 wrapper-promotion align_none valign_middle\"><div class=\"w-vwrapper usg_vwrapper_1 align_none valign_top\"><div class=\"w-post-elm post_image usg_post_image_1 has_height has_ratio\"><a href=\"https:\/\/servihonda.es\/en\/?p=213\" aria-label=\"Exprime tu d\u00eda d\u00eda en la ciudad con la nueva pcx125\"><img loading=\"lazy\" decoding=\"async\" width=\"931\" height=\"494\" src=\"https:\/\/servihonda.es\/wp-content\/uploads\/2025\/09\/promocion-servihonda2.jpg\" class=\"attachment-full size-full wp-post-image\" alt=\"honda pcx 125 m\u00e1laga\" \/><\/a><div style=\"padding-bottom:56.25%\"><\/div><\/div><time class=\"w-post-elm post_date usg_post_date_1 entry-date published\" datetime=\"2025-09-18T14:01:41+02:00\">09\/18\/2025<\/time><\/div><div class=\"w-vwrapper usg_vwrapper_2 wrapper-promotion-text align_none valign_top\"><h3 class=\"w-post-elm post_title usg_post_title_1 has_text_color entry-title color_link_inherit\"><a href=\"https:\/\/servihonda.es\/en\/?p=213\">Exprime tu d\u00eda d\u00eda en la ciudad con la nueva pcx125<\/a><\/h3><div class=\"w-text usg_text_1 has_text_color\"><a href=\"https:\/\/servihonda.es\/en\/?p=213\" class=\"w-text-h\"><span class=\"w-text-value\">Leer mas +<\/span><\/a><\/div><\/div><\/div>\t\t<\/div>\r\n\t\t\t<\/article>\r\n<\/div><div class=\"g-loadmore hidden\"><div class=\"g-preloader type_1\"><div><\/div><\/div><\/div><div class=\"w-grid-list-json hidden\" onclick='return {&quot;max_num_pages&quot;:0,&quot;paginationBase&quot;:&quot;page&quot;,&quot;pagination&quot;:&quot;none&quot;,&quot;paged&quot;:1,&quot;ajaxData&quot;:{&quot;action&quot;:&quot;us_ajax_post_list&quot;,&quot;meta_type&quot;:&quot;post&quot;,&quot;object_id&quot;:0,&quot;template_vars&quot;:{&quot;shortcode_base&quot;:&quot;us_post_list&quot;,&quot;paged&quot;:1,&quot;max_num_pages&quot;:0,&quot;no_results&quot;:false,&quot;us_post_content_design_css&quot;:[],&quot;found_posts&quot;:0,&quot;items_count&quot;:2,&quot;source&quot;:&quot;all&quot;,&quot;custom_field_name&quot;:&quot;&quot;,&quot;ids&quot;:&quot;&quot;,&quot;post_type&quot;:&quot;promocion&quot;,&quot;attachment_ids&quot;:null,&quot;include_post_thumbnail&quot;:0,&quot;post_author&quot;:&quot;any&quot;,&quot;post_author_ids&quot;:&quot;&quot;,&quot;apply_url_params&quot;:0,&quot;exclude_children&quot;:0,&quot;exclude_current_post&quot;:1,&quot;exclude_prev_posts&quot;:0,&quot;enable_items_offset&quot;:0,&quot;items_offset&quot;:&quot;1&quot;,&quot;tax_query_relation&quot;:&quot;none&quot;,&quot;tax_query&quot;:[{&quot;operator&quot;:&quot;IN&quot;,&quot;taxonomy&quot;:&quot;category&quot;,&quot;terms&quot;:&quot;&quot;,&quot;include_children&quot;:0}],&quot;meta_query_relation&quot;:&quot;none&quot;,&quot;meta_query&quot;:[{&quot;key&quot;:&quot;custom_field_name&quot;,&quot;compare&quot;:&quot;=&quot;,&quot;value&quot;:&quot;&quot;}],&quot;orderby&quot;:&quot;date&quot;,&quot;orderby_custom_field&quot;:&quot;&quot;,&quot;orderby_custom_type&quot;:0,&quot;order_invert&quot;:0,&quot;show_all&quot;:0,&quot;quantity&quot;:&quot;12&quot;,&quot;posts_per_archive_page&quot;:0,&quot;no_items_action&quot;:&quot;message&quot;,&quot;no_items_message&quot;:&quot;No results found.&quot;,&quot;no_items_page_block&quot;:&quot;&quot;,&quot;pagination&quot;:&quot;none&quot;,&quot;pagination_style&quot;:&quot;&quot;,&quot;pagination_btn_text&quot;:&quot;Load More&quot;,&quot;pagination_btn_size&quot;:&quot;&quot;,&quot;pagination_btn_style&quot;:&quot;1&quot;,&quot;pagination_btn_fullwidth&quot;:0,&quot;items_layout&quot;:&quot;215&quot;,&quot;type&quot;:&quot;grid&quot;,&quot;items_valign&quot;:0,&quot;ignore_items_size&quot;:0,&quot;columns&quot;:&quot;2&quot;,&quot;items_gap&quot;:&quot;1.5rem&quot;,&quot;load_animation&quot;:&quot;none&quot;,&quot;items_preload_style&quot;:&quot;spinner&quot;,&quot;img_size&quot;:&quot;default&quot;,&quot;title_size&quot;:&quot;&quot;,&quot;items_ratio&quot;:&quot;default&quot;,&quot;items_ratio_width&quot;:&quot;21&quot;,&quot;items_ratio_height&quot;:&quot;9&quot;,&quot;overriding_link&quot;:&quot;%7B%22url%22%3A%22%22%7D&quot;,&quot;popup_page_template&quot;:&quot;0&quot;,&quot;popup_width&quot;:&quot;&quot;,&quot;popup_arrows&quot;:1,&quot;breakpoint_1_width&quot;:&quot;1281px&quot;,&quot;breakpoint_1_cols&quot;:&quot;default&quot;,&quot;breakpoint_1_quantity&quot;:&quot;&quot;,&quot;breakpoint_1_gap&quot;:&quot;&quot;,&quot;breakpoint_2_width&quot;:&quot;992px&quot;,&quot;breakpoint_2_cols&quot;:&quot;2&quot;,&quot;breakpoint_2_quantity&quot;:&quot;&quot;,&quot;breakpoint_2_gap&quot;:&quot;&quot;,&quot;breakpoint_3_width&quot;:&quot;651px&quot;,&quot;breakpoint_3_cols&quot;:&quot;1&quot;,&quot;breakpoint_3_quantity&quot;:&quot;&quot;,&quot;breakpoint_3_gap&quot;:&quot;&quot;,&quot;conditions_operator&quot;:&quot;always&quot;,&quot;conditions&quot;:[],&quot;css&quot;:null,&quot;el_class&quot;:&quot;&quot;,&quot;el_id&quot;:&quot;&quot;,&quot;enable_custom_html_atts&quot;:0,&quot;custom_html_atts&quot;:null,&quot;hide_on_states&quot;:&quot;&quot;,&quot;hide_for_sticky&quot;:0,&quot;hide_for_not_sticky&quot;:0,&quot;hide_below&quot;:&quot;0px&quot;,&quot;hide_above&quot;:&quot;0px&quot;,&quot;classes&quot;:&quot;&quot;}},&quot;facetedFilter&quot;:[]}'><\/div><\/div><\/div><\/div><\/div><\/div><\/div><\/section>\n","protected":false},"excerpt":{"rendered":"","protected":false},"author":1,"featured_media":0,"parent":0,"menu_order":0,"comment_status":"closed","ping_status":"closed","template":"","meta":{"_acf_changed":false,"footnotes":""},"class_list":["post-3597","page","type-page","status-publish","hentry"],"acf":[],"yoast_head":"<!-- This site is optimized with the Yoast SEO plugin v27.4 - https:\/\/yoast.com\/product\/yoast-seo-wordpress\/ -->\n<title>Servihonda Boutique M\u00e1laga, Fuengirola and Marbella | Servihonda M\u00e1laga<\/title>\n<meta name=\"description\" content=\"Looking for motorcycle apparel and accessories in M\u00e1laga? Discover our Servihonda Boutique in M\u00e1laga, Fuengirola and Marbella, with the best collections.\" \/>\n<meta name=\"robots\" content=\"index, follow, max-snippet:-1, max-image-preview:large, max-video-preview:-1\" \/>\n<link rel=\"canonical\" href=\"https:\/\/servihonda.es\/en\/boutique-and-accessories\/\" \/>\n<meta property=\"og:locale\" content=\"en_US\" \/>\n<meta property=\"og:type\" content=\"article\" \/>\n<meta property=\"og:title\" content=\"Servihonda Boutique M\u00e1laga, Fuengirola and Marbella | Servihonda M\u00e1laga\" \/>\n<meta property=\"og:description\" content=\"Looking for motorcycle apparel and accessories in M\u00e1laga? Discover our Servihonda Boutique in M\u00e1laga, Fuengirola and Marbella, with the best collections.\" \/>\n<meta property=\"og:url\" content=\"https:\/\/servihonda.es\/en\/boutique-and-accessories\/\" \/>\n<meta property=\"og:site_name\" content=\"Servihonda M\u00e1laga\" \/>\n<meta property=\"article:modified_time\" content=\"2026-02-02T12:21:28+00:00\" \/>\n<meta name=\"twitter:card\" content=\"summary_large_image\" \/>\n<meta name=\"twitter:label1\" content=\"Est. reading time\" \/>\n\t<meta name=\"twitter:data1\" content=\"1 minute\" \/>\n<script type=\"application\/ld+json\" class=\"yoast-schema-graph\">{\"@context\":\"https:\\\/\\\/schema.org\",\"@graph\":[{\"@type\":\"WebPage\",\"@id\":\"https:\\\/\\\/servihonda.es\\\/en\\\/boutique-and-accessories\\\/\",\"url\":\"https:\\\/\\\/servihonda.es\\\/en\\\/boutique-and-accessories\\\/\",\"name\":\"Servihonda Boutique M\u00e1laga, Fuengirola and Marbella | Servihonda M\u00e1laga\",\"isPartOf\":{\"@id\":\"https:\\\/\\\/servihonda.es\\\/en\\\/#website\"},\"datePublished\":\"2025-10-02T12:27:13+00:00\",\"dateModified\":\"2026-02-02T12:21:28+00:00\",\"description\":\"Looking for motorcycle apparel and accessories in M\u00e1laga? Discover our Servihonda Boutique in M\u00e1laga, Fuengirola and Marbella, with the best collections.\",\"breadcrumb\":{\"@id\":\"https:\\\/\\\/servihonda.es\\\/en\\\/boutique-and-accessories\\\/#breadcrumb\"},\"inLanguage\":\"en-US\",\"potentialAction\":[{\"@type\":\"ReadAction\",\"target\":[\"https:\\\/\\\/servihonda.es\\\/en\\\/boutique-and-accessories\\\/\"]}]},{\"@type\":\"BreadcrumbList\",\"@id\":\"https:\\\/\\\/servihonda.es\\\/en\\\/boutique-and-accessories\\\/#breadcrumb\",\"itemListElement\":[{\"@type\":\"ListItem\",\"position\":1,\"name\":\"Home page\",\"item\":\"https:\\\/\\\/servihonda.es\\\/en\\\/\"},{\"@type\":\"ListItem\",\"position\":2,\"name\":\"Boutique and accessories\"}]},{\"@type\":\"WebSite\",\"@id\":\"https:\\\/\\\/servihonda.es\\\/en\\\/#website\",\"url\":\"https:\\\/\\\/servihonda.es\\\/en\\\/\",\"name\":\"Servihonda M\u00e1laga\",\"description\":\"\",\"publisher\":{\"@id\":\"https:\\\/\\\/servihonda.es\\\/en\\\/#organization\"},\"potentialAction\":[{\"@type\":\"SearchAction\",\"target\":{\"@type\":\"EntryPoint\",\"urlTemplate\":\"https:\\\/\\\/servihonda.es\\\/en\\\/?s={search_term_string}\"},\"query-input\":{\"@type\":\"PropertyValueSpecification\",\"valueRequired\":true,\"valueName\":\"search_term_string\"}}],\"inLanguage\":\"en-US\"},{\"@type\":\"Organization\",\"@id\":\"https:\\\/\\\/servihonda.es\\\/en\\\/#organization\",\"name\":\"Servihonda M\u00e1laga\",\"url\":\"https:\\\/\\\/servihonda.es\\\/en\\\/\",\"logo\":{\"@type\":\"ImageObject\",\"inLanguage\":\"en-US\",\"@id\":\"https:\\\/\\\/servihonda.es\\\/en\\\/#\\\/schema\\\/logo\\\/image\\\/\",\"url\":\"https:\\\/\\\/servihonda.es\\\/wp-content\\\/uploads\\\/2025\\\/09\\\/logo-servihonda.png\",\"contentUrl\":\"https:\\\/\\\/servihonda.es\\\/wp-content\\\/uploads\\\/2025\\\/09\\\/logo-servihonda.png\",\"width\":253,\"height\":72,\"caption\":\"Servihonda M\u00e1laga\"},\"image\":{\"@id\":\"https:\\\/\\\/servihonda.es\\\/en\\\/#\\\/schema\\\/logo\\\/image\\\/\"}}]}<\/script>\n<!-- \/ Yoast SEO plugin. -->","yoast_head_json":{"title":"Servihonda Boutique M\u00e1laga, Fuengirola and Marbella | Servihonda M\u00e1laga","description":"Looking for motorcycle apparel and accessories in M\u00e1laga? Discover our Servihonda Boutique in M\u00e1laga, Fuengirola and Marbella, with the best collections.","robots":{"index":"index","follow":"follow","max-snippet":"max-snippet:-1","max-image-preview":"max-image-preview:large","max-video-preview":"max-video-preview:-1"},"canonical":"https:\/\/servihonda.es\/en\/boutique-and-accessories\/","og_locale":"en_US","og_type":"article","og_title":"Servihonda Boutique M\u00e1laga, Fuengirola and Marbella | Servihonda M\u00e1laga","og_description":"Looking for motorcycle apparel and accessories in M\u00e1laga? Discover our Servihonda Boutique in M\u00e1laga, Fuengirola and Marbella, with the best collections.","og_url":"https:\/\/servihonda.es\/en\/boutique-and-accessories\/","og_site_name":"Servihonda M\u00e1laga","article_modified_time":"2026-02-02T12:21:28+00:00","twitter_card":"summary_large_image","twitter_misc":{"Est. reading time":"1 minute"},"schema":{"@context":"https:\/\/schema.org","@graph":[{"@type":"WebPage","@id":"https:\/\/servihonda.es\/en\/boutique-and-accessories\/","url":"https:\/\/servihonda.es\/en\/boutique-and-accessories\/","name":"Servihonda Boutique M\u00e1laga, Fuengirola and Marbella | Servihonda M\u00e1laga","isPartOf":{"@id":"https:\/\/servihonda.es\/en\/#website"},"datePublished":"2025-10-02T12:27:13+00:00","dateModified":"2026-02-02T12:21:28+00:00","description":"Looking for motorcycle apparel and accessories in M\u00e1laga? Discover our Servihonda Boutique in M\u00e1laga, Fuengirola and Marbella, with the best collections.","breadcrumb":{"@id":"https:\/\/servihonda.es\/en\/boutique-and-accessories\/#breadcrumb"},"inLanguage":"en-US","potentialAction":[{"@type":"ReadAction","target":["https:\/\/servihonda.es\/en\/boutique-and-accessories\/"]}]},{"@type":"BreadcrumbList","@id":"https:\/\/servihonda.es\/en\/boutique-and-accessories\/#breadcrumb","itemListElement":[{"@type":"ListItem","position":1,"name":"Home page","item":"https:\/\/servihonda.es\/en\/"},{"@type":"ListItem","position":2,"name":"Boutique and accessories"}]},{"@type":"WebSite","@id":"https:\/\/servihonda.es\/en\/#website","url":"https:\/\/servihonda.es\/en\/","name":"Servihonda M\u00e1laga","description":"","publisher":{"@id":"https:\/\/servihonda.es\/en\/#organization"},"potentialAction":[{"@type":"SearchAction","target":{"@type":"EntryPoint","urlTemplate":"https:\/\/servihonda.es\/en\/?s={search_term_string}"},"query-input":{"@type":"PropertyValueSpecification","valueRequired":true,"valueName":"search_term_string"}}],"inLanguage":"en-US"},{"@type":"Organization","@id":"https:\/\/servihonda.es\/en\/#organization","name":"Servihonda M\u00e1laga","url":"https:\/\/servihonda.es\/en\/","logo":{"@type":"ImageObject","inLanguage":"en-US","@id":"https:\/\/servihonda.es\/en\/#\/schema\/logo\/image\/","url":"https:\/\/servihonda.es\/wp-content\/uploads\/2025\/09\/logo-servihonda.png","contentUrl":"https:\/\/servihonda.es\/wp-content\/uploads\/2025\/09\/logo-servihonda.png","width":253,"height":72,"caption":"Servihonda M\u00e1laga"},"image":{"@id":"https:\/\/servihonda.es\/en\/#\/schema\/logo\/image\/"}}]}},"_links":{"self":[{"href":"https:\/\/servihonda.es\/en\/wp-json\/wp\/v2\/pages\/3597","targetHints":{"allow":["GET"]}}],"collection":[{"href":"https:\/\/servihonda.es\/en\/wp-json\/wp\/v2\/pages"}],"about":[{"href":"https:\/\/servihonda.es\/en\/wp-json\/wp\/v2\/types\/page"}],"author":[{"embeddable":true,"href":"https:\/\/servihonda.es\/en\/wp-json\/wp\/v2\/users\/1"}],"replies":[{"embeddable":true,"href":"https:\/\/servihonda.es\/en\/wp-json\/wp\/v2\/comments?post=3597"}],"version-history":[{"count":3,"href":"https:\/\/servihonda.es\/en\/wp-json\/wp\/v2\/pages\/3597\/revisions"}],"predecessor-version":[{"id":3627,"href":"https:\/\/servihonda.es\/en\/wp-json\/wp\/v2\/pages\/3597\/revisions\/3627"}],"wp:attachment":[{"href":"https:\/\/servihonda.es\/en\/wp-json\/wp\/v2\/media?parent=3597"}],"curies":[{"name":"wp","href":"https:\/\/api.w.org\/{rel}","templated":true}]}}